{"id":836,"date":"2023-11-25T03:42:53","date_gmt":"2023-11-25T03:42:53","guid":{"rendered":"https:\/\/pravnabrezskrbnost.si\/?page_id=836"},"modified":"2023-11-25T03:42:53","modified_gmt":"2023-11-25T03:42:53","slug":"pridobitev-dokumentacije-sestava-in-izpolnitev-oddaja-vloge-oz-obrazca-ali-kupoprodajne-pogodbe-za-prodajo-oz-nakup-motornega-vozila-plovila-in-ostale-premicne-opreme","status":"publish","type":"page","link":"https:\/\/pravnabrezskrbnost.si\/index.php\/pridobitev-dokumentacije-sestava-in-izpolnitev-oddaja-vloge-oz-obrazca-ali-kupoprodajne-pogodbe-za-prodajo-oz-nakup-motornega-vozila-plovila-in-ostale-premicne-opreme\/","title":{"rendered":"Pridobitev dokumentacije, sestava in izpolnitev, oddaja vloge oz. obrazca ali kupoprodajne pogodbe za prodajo oz. nakup motornega vozila, plovila in ostale premi\u010dne opreme"},"content":{"rendered":"\n<div class=\"wp-block-columns is-layout-flex wp-container-core-columns-is-layout-9d6595d7 wp-block-columns-is-layout-flex\">\n<div class=\"wp-block-column is-layout-flow wp-block-column-is-layout-flow\">\n<figure class=\"wp-block-image size-large\"><img loading=\"lazy\" decoding=\"async\" width=\"1024\" height=\"448\" src=\"https:\/\/pravnabrezskrbnost.si\/wp-content\/uploads\/2023\/11\/shutterstock_2175244659-1024x448.jpg\" alt=\"\" class=\"wp-image-837\" srcset=\"https:\/\/pravnabrezskrbnost.si\/wp-content\/uploads\/2023\/11\/shutterstock_2175244659-1024x448.jpg 1024w, https:\/\/pravnabrezskrbnost.si\/wp-content\/uploads\/2023\/11\/shutterstock_2175244659-300x131.jpg 300w, https:\/\/pravnabrezskrbnost.si\/wp-content\/uploads\/2023\/11\/shutterstock_2175244659-768x336.jpg 768w, https:\/\/pravnabrezskrbnost.si\/wp-content\/uploads\/2023\/11\/shutterstock_2175244659-1536x672.jpg 1536w, https:\/\/pravnabrezskrbnost.si\/wp-content\/uploads\/2023\/11\/shutterstock_2175244659-2048x896.jpg 2048w\" sizes=\"auto, (max-width: 1024px) 100vw, 1024px\" \/><\/figure>\n<\/div>\n\n\n\n<div class=\"wp-block-column is-vertically-aligned-center is-layout-flow wp-block-column-is-layout-flow\">\n<p>Pridobitev dokumentacije, sestava in izpolnitev, oddaja vloge oz. obrazca ali kupoprodajne pogodbe za prodajo oz. nakup motornega vozila, plovila in ostale premi\u010dne opreme. Kupujete ali prodajte vozilo, plovilo, opremo &nbsp;in vam kupoprodajne pogodbe in vsi obrazci vzamejo veliko \u010dasa, mi vam pripravimo kupoprodajno pogodbo in vam izpolnimo vse potrebne obrazce, po va\u0161i \u017eelji tudi oddamo.<\/p>\n<\/div>\n<\/div>\n","protected":false},"excerpt":{"rendered":"<p>Pridobitev dokumentacije, sestava in izpolnitev, oddaja vloge oz. obrazca ali kupoprodajne pogodbe za prodajo oz. nakup motornega vozila, plovila in ostale premi\u010dne opreme. Kupujete ali prodajte vozilo, plovilo, opremo &nbsp;in vam kupoprodajne pogodbe in vsi obrazci vzamejo veliko \u010dasa, mi vam pripravimo kupoprodajno pogodbo in vam izpolnimo vse potrebne obrazce, po va\u0161i \u017eelji tudi oddamo.<\/p>\n","protected":false},"author":1,"featured_media":0,"parent":0,"menu_order":0,"comment_status":"closed","ping_status":"closed","template":"","meta":{"om_disable_all_campaigns":false,"_monsterinsights_skip_tracking":false,"_monsterinsights_sitenote_active":false,"_monsterinsights_sitenote_note":"","_monsterinsights_sitenote_category":0,"neve_meta_sidebar":"","neve_meta_container":"","neve_meta_enable_content_width":"","neve_meta_content_width":0,"neve_meta_title_alignment":"","neve_meta_author_avatar":"","neve_post_elements_order":"","neve_meta_disable_header":"","neve_meta_disable_footer":"","neve_meta_disable_title":"","_themeisle_gutenberg_block_has_review":false,"_ti_tpc_template_sync":false,"_ti_tpc_template_id":"","footnotes":""},"class_list":["post-836","page","type-page","status-publish","hentry"],"aioseo_notices":[],"_links":{"self":[{"href":"https:\/\/pravnabrezskrbnost.si\/index.php\/wp-json\/wp\/v2\/pages\/836","targetHints":{"allow":["GET"]}}],"collection":[{"href":"https:\/\/pravnabrezskrbnost.si\/index.php\/wp-json\/wp\/v2\/pages"}],"about":[{"href":"https:\/\/pravnabrezskrbnost.si\/index.php\/wp-json\/wp\/v2\/types\/page"}],"author":[{"embeddable":true,"href":"https:\/\/pravnabrezskrbnost.si\/index.php\/wp-json\/wp\/v2\/users\/1"}],"replies":[{"embeddable":true,"href":"https:\/\/pravnabrezskrbnost.si\/index.php\/wp-json\/wp\/v2\/comments?post=836"}],"version-history":[{"count":1,"href":"https:\/\/pravnabrezskrbnost.si\/index.php\/wp-json\/wp\/v2\/pages\/836\/revisions"}],"predecessor-version":[{"id":838,"href":"https:\/\/pravnabrezskrbnost.si\/index.php\/wp-json\/wp\/v2\/pages\/836\/revisions\/838"}],"wp:attachment":[{"href":"https:\/\/pravnabrezskrbnost.si\/index.php\/wp-json\/wp\/v2\/media?parent=836"}],"curies":[{"name":"wp","href":"https:\/\/api.w.org\/{rel}","templated":true}]}}