{"id":815,"date":"2023-11-25T03:26:35","date_gmt":"2023-11-25T03:26:35","guid":{"rendered":"https:\/\/pravnabrezskrbnost.si\/?page_id=815"},"modified":"2023-11-25T03:26:35","modified_gmt":"2023-11-25T03:26:35","slug":"pridobitev-dokumentacije-sestava-in-izpolnitev-oddaja-vloge-oz-obrazca-za-pridobitev-zacasnega-oz-stalnega-bivanja-prijave-zacasnega-oz-stalnega-prebivalisca-za-tujce","status":"publish","type":"page","link":"https:\/\/pravnabrezskrbnost.si\/index.php\/pridobitev-dokumentacije-sestava-in-izpolnitev-oddaja-vloge-oz-obrazca-za-pridobitev-zacasnega-oz-stalnega-bivanja-prijave-zacasnega-oz-stalnega-prebivalisca-za-tujce\/","title":{"rendered":"Pridobitev dokumentacije, sestava in izpolnitev, oddaja vloge oz. obrazca za pridobitev za\u010dasnega oz. stalnega bivanja, prijave za\u010dasnega oz. stalnega prebivali\u0161\u010da za tujce"},"content":{"rendered":"\n<div class=\"wp-block-columns is-layout-flex wp-container-core-columns-is-layout-9d6595d7 wp-block-columns-is-layout-flex\">\n<div class=\"wp-block-column is-layout-flow wp-block-column-is-layout-flow\">\n<figure class=\"wp-block-image size-large\"><img loading=\"lazy\" decoding=\"async\" width=\"1024\" height=\"683\" src=\"https:\/\/pravnabrezskrbnost.si\/wp-content\/uploads\/2023\/11\/shutterstock_1839589312-1024x683.jpg\" alt=\"\" class=\"wp-image-816\" srcset=\"https:\/\/pravnabrezskrbnost.si\/wp-content\/uploads\/2023\/11\/shutterstock_1839589312-1024x683.jpg 1024w, https:\/\/pravnabrezskrbnost.si\/wp-content\/uploads\/2023\/11\/shutterstock_1839589312-300x200.jpg 300w, https:\/\/pravnabrezskrbnost.si\/wp-content\/uploads\/2023\/11\/shutterstock_1839589312-768x512.jpg 768w, https:\/\/pravnabrezskrbnost.si\/wp-content\/uploads\/2023\/11\/shutterstock_1839589312-1536x1024.jpg 1536w, https:\/\/pravnabrezskrbnost.si\/wp-content\/uploads\/2023\/11\/shutterstock_1839589312-2048x1365.jpg 2048w, https:\/\/pravnabrezskrbnost.si\/wp-content\/uploads\/2023\/11\/shutterstock_1839589312-930x620.jpg 930w\" sizes=\"auto, (max-width: 1024px) 100vw, 1024px\" \/><\/figure>\n<\/div>\n\n\n\n<div class=\"wp-block-column is-vertically-aligned-center is-layout-flow wp-block-column-is-layout-flow\">\n<p>Pridobitev dokumentacije, sestava in izpolnitev, oddaja vloge oz. obrazca za pridobitev za\u010dasnega oz. stalnega bivanja, prijave za\u010dasnega oz. stalnega prebivali\u0161\u010da za tujce. Vam zbiranje dokumentacije za prijavo , \u010dakanje v vrstah, celo naro\u010danje, jemanje prostih dni, da uredite dokumentacijo, povzro\u010dajo glavobole?&nbsp; Z va\u0161im pooblastilom vam to uredimo mi \u00bbklju\u010d v roke\u00ab, ne da bi bili vi obremenjeni.&nbsp;<\/p>\n<\/div>\n<\/div>\n","protected":false},"excerpt":{"rendered":"<p>Pridobitev dokumentacije, sestava in izpolnitev, oddaja vloge oz. obrazca za pridobitev za\u010dasnega oz. stalnega bivanja, prijave za\u010dasnega oz. stalnega prebivali\u0161\u010da za tujce. Vam zbiranje dokumentacije za prijavo , \u010dakanje v vrstah, celo naro\u010danje, jemanje prostih dni, da uredite dokumentacijo, povzro\u010dajo glavobole?&nbsp; Z va\u0161im pooblastilom vam to uredimo mi \u00bbklju\u010d v roke\u00ab, ne da bi bili&hellip;&nbsp;<a href=\"https:\/\/pravnabrezskrbnost.si\/index.php\/pridobitev-dokumentacije-sestava-in-izpolnitev-oddaja-vloge-oz-obrazca-za-pridobitev-zacasnega-oz-stalnega-bivanja-prijave-zacasnega-oz-stalnega-prebivalisca-za-tujce\/\" class=\"\" rel=\"bookmark\">Preberi ve\u010d &raquo;<span class=\"screen-reader-text\">Pridobitev dokumentacije, sestava in izpolnitev, oddaja vloge oz. obrazca za pridobitev za\u010dasnega oz. stalnega bivanja, prijave za\u010dasnega oz. stalnega prebivali\u0161\u010da za tujce<\/span><\/a><\/p>\n","protected":false},"author":1,"featured_media":0,"parent":0,"menu_order":0,"comment_status":"closed","ping_status":"closed","template":"","meta":{"om_disable_all_campaigns":false,"_monsterinsights_skip_tracking":false,"_monsterinsights_sitenote_active":false,"_monsterinsights_sitenote_note":"","_monsterinsights_sitenote_category":0,"neve_meta_sidebar":"","neve_meta_container":"","neve_meta_enable_content_width":"","neve_meta_content_width":0,"neve_meta_title_alignment":"","neve_meta_author_avatar":"","neve_post_elements_order":"","neve_meta_disable_header":"","neve_meta_disable_footer":"","neve_meta_disable_title":"","_themeisle_gutenberg_block_has_review":false,"_ti_tpc_template_sync":false,"_ti_tpc_template_id":"","footnotes":""},"class_list":["post-815","page","type-page","status-publish","hentry"],"aioseo_notices":[],"_links":{"self":[{"href":"https:\/\/pravnabrezskrbnost.si\/index.php\/wp-json\/wp\/v2\/pages\/815","targetHints":{"allow":["GET"]}}],"collection":[{"href":"https:\/\/pravnabrezskrbnost.si\/index.php\/wp-json\/wp\/v2\/pages"}],"about":[{"href":"https:\/\/pravnabrezskrbnost.si\/index.php\/wp-json\/wp\/v2\/types\/page"}],"author":[{"embeddable":true,"href":"https:\/\/pravnabrezskrbnost.si\/index.php\/wp-json\/wp\/v2\/users\/1"}],"replies":[{"embeddable":true,"href":"https:\/\/pravnabrezskrbnost.si\/index.php\/wp-json\/wp\/v2\/comments?post=815"}],"version-history":[{"count":1,"href":"https:\/\/pravnabrezskrbnost.si\/index.php\/wp-json\/wp\/v2\/pages\/815\/revisions"}],"predecessor-version":[{"id":817,"href":"https:\/\/pravnabrezskrbnost.si\/index.php\/wp-json\/wp\/v2\/pages\/815\/revisions\/817"}],"wp:attachment":[{"href":"https:\/\/pravnabrezskrbnost.si\/index.php\/wp-json\/wp\/v2\/media?parent=815"}],"curies":[{"name":"wp","href":"https:\/\/api.w.org\/{rel}","templated":true}]}}