{"id":806,"date":"2023-11-25T03:14:54","date_gmt":"2023-11-25T03:14:54","guid":{"rendered":"https:\/\/pravnabrezskrbnost.si\/?page_id=806"},"modified":"2023-11-25T03:14:54","modified_gmt":"2023-11-25T03:14:54","slug":"pridobitev-dokumentacije-sestava-in-izpolnitev-oddaja-vloge-oz-obrazca-za-neizplacane-prispevke-v-zakonskem-roku","status":"publish","type":"page","link":"https:\/\/pravnabrezskrbnost.si\/index.php\/pridobitev-dokumentacije-sestava-in-izpolnitev-oddaja-vloge-oz-obrazca-za-neizplacane-prispevke-v-zakonskem-roku\/","title":{"rendered":"Pridobitev dokumentacije, sestava in izpolnitev, oddaja vloge oz. obrazca za neizpla\u010dane prispevke v zakonskem roku"},"content":{"rendered":"\n<div class=\"wp-block-columns is-layout-flex wp-container-core-columns-is-layout-9d6595d7 wp-block-columns-is-layout-flex\">\n<div class=\"wp-block-column is-layout-flow wp-block-column-is-layout-flow\">\n<figure class=\"wp-block-image size-large\"><img loading=\"lazy\" decoding=\"async\" width=\"1024\" height=\"683\" src=\"https:\/\/pravnabrezskrbnost.si\/wp-content\/uploads\/2023\/11\/shutterstock_2151129353-1024x683.jpg\" alt=\"\" class=\"wp-image-807\" srcset=\"https:\/\/pravnabrezskrbnost.si\/wp-content\/uploads\/2023\/11\/shutterstock_2151129353-1024x683.jpg 1024w, https:\/\/pravnabrezskrbnost.si\/wp-content\/uploads\/2023\/11\/shutterstock_2151129353-300x200.jpg 300w, https:\/\/pravnabrezskrbnost.si\/wp-content\/uploads\/2023\/11\/shutterstock_2151129353-768x512.jpg 768w, https:\/\/pravnabrezskrbnost.si\/wp-content\/uploads\/2023\/11\/shutterstock_2151129353-1536x1024.jpg 1536w, https:\/\/pravnabrezskrbnost.si\/wp-content\/uploads\/2023\/11\/shutterstock_2151129353-2048x1366.jpg 2048w, https:\/\/pravnabrezskrbnost.si\/wp-content\/uploads\/2023\/11\/shutterstock_2151129353-930x620.jpg 930w\" sizes=\"auto, (max-width: 1024px) 100vw, 1024px\" \/><\/figure>\n<\/div>\n\n\n\n<div class=\"wp-block-column is-vertically-aligned-center is-layout-flow wp-block-column-is-layout-flow\">\n<p>Pridobitev dokumentacije, sestava in izpolnitev, oddaja vloge oz. obrazca za neizpla\u010dane prispevke v zakonskem roku. Ste v situaciji, da ste zaznali kr\u0161itev s strani delodajalca, ki ni izpla\u010dal in ni predlo\u017eil obra\u010duna prispevkov za socialno varnost?\u00a0 Mi vam izpolnimo REK obrazec z pridobljeno vso potrebno dokumentacijo, ter\u00a0 prilogami\u00a0 za\u00a0 prijavo na Finan\u010dno upravo Republike Slovenije.<\/p>\n<\/div>\n<\/div>\n","protected":false},"excerpt":{"rendered":"<p>Pridobitev dokumentacije, sestava in izpolnitev, oddaja vloge oz. obrazca za neizpla\u010dane prispevke v zakonskem roku. Ste v situaciji, da ste zaznali kr\u0161itev s strani delodajalca, ki ni izpla\u010dal in ni predlo\u017eil obra\u010duna prispevkov za socialno varnost?\u00a0 Mi vam izpolnimo REK obrazec z pridobljeno vso potrebno dokumentacijo, ter\u00a0 prilogami\u00a0 za\u00a0 prijavo na Finan\u010dno upravo Republike Slovenije.<\/p>\n","protected":false},"author":1,"featured_media":0,"parent":0,"menu_order":0,"comment_status":"closed","ping_status":"closed","template":"","meta":{"om_disable_all_campaigns":false,"_monsterinsights_skip_tracking":false,"_monsterinsights_sitenote_active":false,"_monsterinsights_sitenote_note":"","_monsterinsights_sitenote_category":0,"neve_meta_sidebar":"","neve_meta_container":"","neve_meta_enable_content_width":"","neve_meta_content_width":0,"neve_meta_title_alignment":"","neve_meta_author_avatar":"","neve_post_elements_order":"","neve_meta_disable_header":"","neve_meta_disable_footer":"","neve_meta_disable_title":"","_themeisle_gutenberg_block_has_review":false,"_ti_tpc_template_sync":false,"_ti_tpc_template_id":"","footnotes":""},"class_list":["post-806","page","type-page","status-publish","hentry"],"aioseo_notices":[],"_links":{"self":[{"href":"https:\/\/pravnabrezskrbnost.si\/index.php\/wp-json\/wp\/v2\/pages\/806","targetHints":{"allow":["GET"]}}],"collection":[{"href":"https:\/\/pravnabrezskrbnost.si\/index.php\/wp-json\/wp\/v2\/pages"}],"about":[{"href":"https:\/\/pravnabrezskrbnost.si\/index.php\/wp-json\/wp\/v2\/types\/page"}],"author":[{"embeddable":true,"href":"https:\/\/pravnabrezskrbnost.si\/index.php\/wp-json\/wp\/v2\/users\/1"}],"replies":[{"embeddable":true,"href":"https:\/\/pravnabrezskrbnost.si\/index.php\/wp-json\/wp\/v2\/comments?post=806"}],"version-history":[{"count":1,"href":"https:\/\/pravnabrezskrbnost.si\/index.php\/wp-json\/wp\/v2\/pages\/806\/revisions"}],"predecessor-version":[{"id":808,"href":"https:\/\/pravnabrezskrbnost.si\/index.php\/wp-json\/wp\/v2\/pages\/806\/revisions\/808"}],"wp:attachment":[{"href":"https:\/\/pravnabrezskrbnost.si\/index.php\/wp-json\/wp\/v2\/media?parent=806"}],"curies":[{"name":"wp","href":"https:\/\/api.w.org\/{rel}","templated":true}]}}