{"id":803,"date":"2023-11-25T03:13:11","date_gmt":"2023-11-25T03:13:11","guid":{"rendered":"https:\/\/pravnabrezskrbnost.si\/?page_id=803"},"modified":"2023-11-25T03:13:11","modified_gmt":"2023-11-25T03:13:11","slug":"pridobitev-dokumentacije-sestava-in-izpolnitev-oddaja-vloge-oz-obrazca-na-sodisce-ter-po-potrebi-na-inspektorat-za-neizplacano-delo-osebnega-dohodka-place-v-zakonskem-roku-neizplacilo-regresa-a","status":"publish","type":"page","link":"https:\/\/pravnabrezskrbnost.si\/index.php\/pridobitev-dokumentacije-sestava-in-izpolnitev-oddaja-vloge-oz-obrazca-na-sodisce-ter-po-potrebi-na-inspektorat-za-neizplacano-delo-osebnega-dohodka-place-v-zakonskem-roku-neizplacilo-regresa-a\/","title":{"rendered":"Pridobitev dokumentacije, sestava in izpolnitev, oddaja vloge oz. obrazca na sodi\u0161\u010de, ter po potrebi na in\u0161pektorat za neizpla\u010dano delo osebnega dohodka &#8211; pla\u010de v zakonskem roku, neizpla\u010dilo regresa ali pla\u010dila \u0161tudentskih del"},"content":{"rendered":"\n<div class=\"wp-block-columns is-layout-flex wp-container-core-columns-is-layout-9d6595d7 wp-block-columns-is-layout-flex\">\n<div class=\"wp-block-column is-layout-flow wp-block-column-is-layout-flow\">\n<figure class=\"wp-block-image size-large\"><img loading=\"lazy\" decoding=\"async\" width=\"1024\" height=\"683\" src=\"https:\/\/pravnabrezskrbnost.si\/wp-content\/uploads\/2023\/11\/shutterstock_556808257-1024x683.jpg\" alt=\"\" class=\"wp-image-804\" srcset=\"https:\/\/pravnabrezskrbnost.si\/wp-content\/uploads\/2023\/11\/shutterstock_556808257-1024x683.jpg 1024w, https:\/\/pravnabrezskrbnost.si\/wp-content\/uploads\/2023\/11\/shutterstock_556808257-300x200.jpg 300w, https:\/\/pravnabrezskrbnost.si\/wp-content\/uploads\/2023\/11\/shutterstock_556808257-768x512.jpg 768w, https:\/\/pravnabrezskrbnost.si\/wp-content\/uploads\/2023\/11\/shutterstock_556808257-1536x1024.jpg 1536w, https:\/\/pravnabrezskrbnost.si\/wp-content\/uploads\/2023\/11\/shutterstock_556808257-2048x1365.jpg 2048w, https:\/\/pravnabrezskrbnost.si\/wp-content\/uploads\/2023\/11\/shutterstock_556808257-930x620.jpg 930w\" sizes=\"auto, (max-width: 1024px) 100vw, 1024px\" \/><\/figure>\n<\/div>\n\n\n\n<div class=\"wp-block-column is-vertically-aligned-center is-layout-flow wp-block-column-is-layout-flow\">\n<p>Pridobitev dokumentacije, sestava in izpolnitev, oddaja vloge oz. obrazca na sodi\u0161\u010de, ter po potrebi na in\u0161pektorat za neizpla\u010dano delo osebnega dohodka &#8211; pla\u010de v zakonskem roku, neizpla\u010dilo regresa ali pla\u010dila \u0161tudentskih del. &nbsp;Vpra\u0161anje, kak\u0161no pravno varstvo imate kot &nbsp;delavec &nbsp;v primeru&nbsp;neizpla\u010dila pla\u010de, regresa, \u0161tudentskega dela &nbsp;in socialnih prispevkov &nbsp;v zakonskem roku.&nbsp;Kam se obrniti v tem primeru? Kako postopati? Tukaj vam mi napi\u0161emo zahtevek ali to\u017ebo in jo z va\u0161im pooblastilom po\u0161ljemo na delovno&nbsp; sodi\u0161\u010de, dopis za in\u0161pekcijo dela in seveda Finan\u010dni upravi RS.<\/p>\n<\/div>\n<\/div>\n","protected":false},"excerpt":{"rendered":"<p>Pridobitev dokumentacije, sestava in izpolnitev, oddaja vloge oz. obrazca na sodi\u0161\u010de, ter po potrebi na in\u0161pektorat za neizpla\u010dano delo osebnega dohodka &#8211; pla\u010de v zakonskem roku, neizpla\u010dilo regresa ali pla\u010dila \u0161tudentskih del. &nbsp;Vpra\u0161anje, kak\u0161no pravno varstvo imate kot &nbsp;delavec &nbsp;v primeru&nbsp;neizpla\u010dila pla\u010de, regresa, \u0161tudentskega dela &nbsp;in socialnih prispevkov &nbsp;v zakonskem roku.&nbsp;Kam se obrniti v tem&hellip;&nbsp;<a href=\"https:\/\/pravnabrezskrbnost.si\/index.php\/pridobitev-dokumentacije-sestava-in-izpolnitev-oddaja-vloge-oz-obrazca-na-sodisce-ter-po-potrebi-na-inspektorat-za-neizplacano-delo-osebnega-dohodka-place-v-zakonskem-roku-neizplacilo-regresa-a\/\" class=\"\" rel=\"bookmark\">Preberi ve\u010d &raquo;<span class=\"screen-reader-text\">Pridobitev dokumentacije, sestava in izpolnitev, oddaja vloge oz. obrazca na sodi\u0161\u010de, ter po potrebi na in\u0161pektorat za neizpla\u010dano delo osebnega dohodka &#8211; pla\u010de v zakonskem roku, neizpla\u010dilo regresa ali pla\u010dila \u0161tudentskih del<\/span><\/a><\/p>\n","protected":false},"author":1,"featured_media":0,"parent":0,"menu_order":0,"comment_status":"closed","ping_status":"closed","template":"","meta":{"om_disable_all_campaigns":false,"_monsterinsights_skip_tracking":false,"_monsterinsights_sitenote_active":false,"_monsterinsights_sitenote_note":"","_monsterinsights_sitenote_category":0,"neve_meta_sidebar":"","neve_meta_container":"","neve_meta_enable_content_width":"","neve_meta_content_width":0,"neve_meta_title_alignment":"","neve_meta_author_avatar":"","neve_post_elements_order":"","neve_meta_disable_header":"","neve_meta_disable_footer":"","neve_meta_disable_title":"","_themeisle_gutenberg_block_has_review":false,"_ti_tpc_template_sync":false,"_ti_tpc_template_id":"","footnotes":""},"class_list":["post-803","page","type-page","status-publish","hentry"],"aioseo_notices":[],"_links":{"self":[{"href":"https:\/\/pravnabrezskrbnost.si\/index.php\/wp-json\/wp\/v2\/pages\/803","targetHints":{"allow":["GET"]}}],"collection":[{"href":"https:\/\/pravnabrezskrbnost.si\/index.php\/wp-json\/wp\/v2\/pages"}],"about":[{"href":"https:\/\/pravnabrezskrbnost.si\/index.php\/wp-json\/wp\/v2\/types\/page"}],"author":[{"embeddable":true,"href":"https:\/\/pravnabrezskrbnost.si\/index.php\/wp-json\/wp\/v2\/users\/1"}],"replies":[{"embeddable":true,"href":"https:\/\/pravnabrezskrbnost.si\/index.php\/wp-json\/wp\/v2\/comments?post=803"}],"version-history":[{"count":1,"href":"https:\/\/pravnabrezskrbnost.si\/index.php\/wp-json\/wp\/v2\/pages\/803\/revisions"}],"predecessor-version":[{"id":805,"href":"https:\/\/pravnabrezskrbnost.si\/index.php\/wp-json\/wp\/v2\/pages\/803\/revisions\/805"}],"wp:attachment":[{"href":"https:\/\/pravnabrezskrbnost.si\/index.php\/wp-json\/wp\/v2\/media?parent=803"}],"curies":[{"name":"wp","href":"https:\/\/api.w.org\/{rel}","templated":true}]}}