{"id":776,"date":"2023-11-25T03:00:17","date_gmt":"2023-11-25T03:00:17","guid":{"rendered":"https:\/\/pravnabrezskrbnost.si\/?page_id=776"},"modified":"2023-11-25T03:00:17","modified_gmt":"2023-11-25T03:00:17","slug":"pridobitev-dokumentacije-in-sestava-oporoke-in-priprave-dednopravnih-pogodb","status":"publish","type":"page","link":"https:\/\/pravnabrezskrbnost.si\/index.php\/pridobitev-dokumentacije-in-sestava-oporoke-in-priprave-dednopravnih-pogodb\/","title":{"rendered":"Pridobitev dokumentacije in sestava oporoke in priprave dednopravnih pogodb"},"content":{"rendered":"\n<div class=\"wp-block-columns is-layout-flex wp-container-core-columns-is-layout-9d6595d7 wp-block-columns-is-layout-flex\">\n<div class=\"wp-block-column is-layout-flow wp-block-column-is-layout-flow\">\n<figure class=\"wp-block-image size-large\"><img loading=\"lazy\" decoding=\"async\" width=\"1024\" height=\"683\" src=\"https:\/\/pravnabrezskrbnost.si\/wp-content\/uploads\/2023\/11\/shutterstock_561903922-1024x683.jpg\" alt=\"\" class=\"wp-image-777\" srcset=\"https:\/\/pravnabrezskrbnost.si\/wp-content\/uploads\/2023\/11\/shutterstock_561903922-1024x683.jpg 1024w, https:\/\/pravnabrezskrbnost.si\/wp-content\/uploads\/2023\/11\/shutterstock_561903922-300x200.jpg 300w, https:\/\/pravnabrezskrbnost.si\/wp-content\/uploads\/2023\/11\/shutterstock_561903922-768x512.jpg 768w, https:\/\/pravnabrezskrbnost.si\/wp-content\/uploads\/2023\/11\/shutterstock_561903922-930x620.jpg 930w, https:\/\/pravnabrezskrbnost.si\/wp-content\/uploads\/2023\/11\/shutterstock_561903922.jpg 1440w\" sizes=\"auto, (max-width: 1024px) 100vw, 1024px\" \/><\/figure>\n<\/div>\n\n\n\n<div class=\"wp-block-column is-vertically-aligned-center is-layout-flow wp-block-column-is-layout-flow\">\n<p>Pridobitev dokumentacije in sestava oporoke, ter priprave dednopravnih pogodb.<\/p>\n\n\n\n<p>Vas skrbi kaj se bo zgodilo enega dne, ko vas ne bo ve\u010d? Si \u017eelite zapustiti svoje imetje \/ premo\u017eenje doti\u010dni osebi, a da pri tem &nbsp;ne nastanejo te\u017eave in se upo\u0161teva va\u0161a \u017eelja? Kako to narediti? Kaj napisati, katere dokumente potrebujem in zakaj. Kje shraniti tako pomemben dokument za katerega ne \u017eelite, da se ve vnaprej? Vse to vam sestavimo mi in vam damo vse potrebne napotke za shranitev (notarska ali sodna shranitev).&nbsp;<\/p>\n<\/div>\n<\/div>\n","protected":false},"excerpt":{"rendered":"<p>Pridobitev dokumentacije in sestava oporoke, ter priprave dednopravnih pogodb. Vas skrbi kaj se bo zgodilo enega dne, ko vas ne bo ve\u010d? Si \u017eelite zapustiti svoje imetje \/ premo\u017eenje doti\u010dni osebi, a da pri tem &nbsp;ne nastanejo te\u017eave in se upo\u0161teva va\u0161a \u017eelja? Kako to narediti? Kaj napisati, katere dokumente potrebujem in zakaj. Kje shraniti&hellip;&nbsp;<a href=\"https:\/\/pravnabrezskrbnost.si\/index.php\/pridobitev-dokumentacije-in-sestava-oporoke-in-priprave-dednopravnih-pogodb\/\" class=\"\" rel=\"bookmark\">Preberi ve\u010d &raquo;<span class=\"screen-reader-text\">Pridobitev dokumentacije in sestava oporoke in priprave dednopravnih pogodb<\/span><\/a><\/p>\n","protected":false},"author":1,"featured_media":0,"parent":0,"menu_order":0,"comment_status":"closed","ping_status":"closed","template":"","meta":{"om_disable_all_campaigns":false,"_monsterinsights_skip_tracking":false,"_monsterinsights_sitenote_active":false,"_monsterinsights_sitenote_note":"","_monsterinsights_sitenote_category":0,"neve_meta_sidebar":"","neve_meta_container":"","neve_meta_enable_content_width":"","neve_meta_content_width":0,"neve_meta_title_alignment":"","neve_meta_author_avatar":"","neve_post_elements_order":"","neve_meta_disable_header":"","neve_meta_disable_footer":"","neve_meta_disable_title":"","_themeisle_gutenberg_block_has_review":false,"_ti_tpc_template_sync":false,"_ti_tpc_template_id":"","footnotes":""},"class_list":["post-776","page","type-page","status-publish","hentry"],"aioseo_notices":[],"_links":{"self":[{"href":"https:\/\/pravnabrezskrbnost.si\/index.php\/wp-json\/wp\/v2\/pages\/776","targetHints":{"allow":["GET"]}}],"collection":[{"href":"https:\/\/pravnabrezskrbnost.si\/index.php\/wp-json\/wp\/v2\/pages"}],"about":[{"href":"https:\/\/pravnabrezskrbnost.si\/index.php\/wp-json\/wp\/v2\/types\/page"}],"author":[{"embeddable":true,"href":"https:\/\/pravnabrezskrbnost.si\/index.php\/wp-json\/wp\/v2\/users\/1"}],"replies":[{"embeddable":true,"href":"https:\/\/pravnabrezskrbnost.si\/index.php\/wp-json\/wp\/v2\/comments?post=776"}],"version-history":[{"count":1,"href":"https:\/\/pravnabrezskrbnost.si\/index.php\/wp-json\/wp\/v2\/pages\/776\/revisions"}],"predecessor-version":[{"id":778,"href":"https:\/\/pravnabrezskrbnost.si\/index.php\/wp-json\/wp\/v2\/pages\/776\/revisions\/778"}],"wp:attachment":[{"href":"https:\/\/pravnabrezskrbnost.si\/index.php\/wp-json\/wp\/v2\/media?parent=776"}],"curies":[{"name":"wp","href":"https:\/\/api.w.org\/{rel}","templated":true}]}}