{"id":773,"date":"2023-11-25T02:54:29","date_gmt":"2023-11-25T02:54:29","guid":{"rendered":"https:\/\/pravnabrezskrbnost.si\/?page_id=773"},"modified":"2023-11-25T02:54:29","modified_gmt":"2023-11-25T02:54:29","slug":"sestavimo-najemno-pogodbo-za-najem-oz-oddajo-nepremicnine","status":"publish","type":"page","link":"https:\/\/pravnabrezskrbnost.si\/index.php\/sestavimo-najemno-pogodbo-za-najem-oz-oddajo-nepremicnine\/","title":{"rendered":"sestavimo najemno pogodbo za najem oz. oddajo nepremi\u010dnine"},"content":{"rendered":"\n<div class=\"wp-block-columns is-layout-flex wp-container-core-columns-is-layout-9d6595d7 wp-block-columns-is-layout-flex\">\n<div class=\"wp-block-column is-layout-flow wp-block-column-is-layout-flow\">\n<figure class=\"wp-block-image size-large\"><img loading=\"lazy\" decoding=\"async\" width=\"1024\" height=\"538\" src=\"https:\/\/pravnabrezskrbnost.si\/wp-content\/uploads\/2023\/11\/shutterstock_2128864304-1024x538.jpg\" alt=\"\" class=\"wp-image-774\" srcset=\"https:\/\/pravnabrezskrbnost.si\/wp-content\/uploads\/2023\/11\/shutterstock_2128864304-1024x538.jpg 1024w, https:\/\/pravnabrezskrbnost.si\/wp-content\/uploads\/2023\/11\/shutterstock_2128864304-300x158.jpg 300w, https:\/\/pravnabrezskrbnost.si\/wp-content\/uploads\/2023\/11\/shutterstock_2128864304-768x403.jpg 768w, https:\/\/pravnabrezskrbnost.si\/wp-content\/uploads\/2023\/11\/shutterstock_2128864304-1536x807.jpg 1536w, https:\/\/pravnabrezskrbnost.si\/wp-content\/uploads\/2023\/11\/shutterstock_2128864304-2048x1075.jpg 2048w\" sizes=\"auto, (max-width: 1024px) 100vw, 1024px\" \/><\/figure>\n<\/div>\n\n\n\n<div class=\"wp-block-column is-vertically-aligned-center is-layout-flow wp-block-column-is-layout-flow\">\n<p>Sestavimo vam najemno pogodbo za najem oz. oddajo nepremi\u010dnine. \u017delite imeti varno brezskrbno oddano va\u0161o nepremi\u010dnino brez stresa in razmi\u0161ljanja komu ste jo oddali? Ali bo vse kot mora biti?<\/p>\n\n\n\n<p>\u017delite najeti novo stanovanje ali hi\u0161o in se z pogodbo za\u0161\u010dititi, da lahko mirno spite?&nbsp; Ste pri\u0161li do odlo\u010ditve nakupa novega doma ali si \u017eelite prodati nepremi\u010dnino? Vse to vam predstavlja zahteven zalogaj in vam vzame veliko \u010dasa?<\/p>\n\n\n\n<p>Mi vam sestavimo pogodbo in vam jo po\u0161ljemo k notarju ali na upravno enoto, va\u0161a naloga je le, da greste podpisat na dogovorjen termin. V primeru nakupa in prodaje pa uredimo \u0161e vse v zvezi&nbsp; davka na nepremi\u010dnino.<\/p>\n<\/div>\n<\/div>\n","protected":false},"excerpt":{"rendered":"<p>Sestavimo vam najemno pogodbo za najem oz. oddajo nepremi\u010dnine. \u017delite imeti varno brezskrbno oddano va\u0161o nepremi\u010dnino brez stresa in razmi\u0161ljanja komu ste jo oddali? Ali bo vse kot mora biti? \u017delite najeti novo stanovanje ali hi\u0161o in se z pogodbo za\u0161\u010dititi, da lahko mirno spite?&nbsp; Ste pri\u0161li do odlo\u010ditve nakupa novega doma ali si \u017eelite&hellip;&nbsp;<a href=\"https:\/\/pravnabrezskrbnost.si\/index.php\/sestavimo-najemno-pogodbo-za-najem-oz-oddajo-nepremicnine\/\" class=\"\" rel=\"bookmark\">Preberi ve\u010d &raquo;<span class=\"screen-reader-text\">sestavimo najemno pogodbo za najem oz. oddajo nepremi\u010dnine<\/span><\/a><\/p>\n","protected":false},"author":1,"featured_media":0,"parent":0,"menu_order":0,"comment_status":"closed","ping_status":"closed","template":"","meta":{"om_disable_all_campaigns":false,"_monsterinsights_skip_tracking":false,"_monsterinsights_sitenote_active":false,"_monsterinsights_sitenote_note":"","_monsterinsights_sitenote_category":0,"neve_meta_sidebar":"","neve_meta_container":"","neve_meta_enable_content_width":"","neve_meta_content_width":0,"neve_meta_title_alignment":"","neve_meta_author_avatar":"","neve_post_elements_order":"","neve_meta_disable_header":"","neve_meta_disable_footer":"","neve_meta_disable_title":"","_themeisle_gutenberg_block_has_review":false,"_ti_tpc_template_sync":false,"_ti_tpc_template_id":"","footnotes":""},"class_list":["post-773","page","type-page","status-publish","hentry"],"aioseo_notices":[],"_links":{"self":[{"href":"https:\/\/pravnabrezskrbnost.si\/index.php\/wp-json\/wp\/v2\/pages\/773","targetHints":{"allow":["GET"]}}],"collection":[{"href":"https:\/\/pravnabrezskrbnost.si\/index.php\/wp-json\/wp\/v2\/pages"}],"about":[{"href":"https:\/\/pravnabrezskrbnost.si\/index.php\/wp-json\/wp\/v2\/types\/page"}],"author":[{"embeddable":true,"href":"https:\/\/pravnabrezskrbnost.si\/index.php\/wp-json\/wp\/v2\/users\/1"}],"replies":[{"embeddable":true,"href":"https:\/\/pravnabrezskrbnost.si\/index.php\/wp-json\/wp\/v2\/comments?post=773"}],"version-history":[{"count":1,"href":"https:\/\/pravnabrezskrbnost.si\/index.php\/wp-json\/wp\/v2\/pages\/773\/revisions"}],"predecessor-version":[{"id":775,"href":"https:\/\/pravnabrezskrbnost.si\/index.php\/wp-json\/wp\/v2\/pages\/773\/revisions\/775"}],"wp:attachment":[{"href":"https:\/\/pravnabrezskrbnost.si\/index.php\/wp-json\/wp\/v2\/media?parent=773"}],"curies":[{"name":"wp","href":"https:\/\/api.w.org\/{rel}","templated":true}]}}