{"id":761,"date":"2023-11-25T02:49:15","date_gmt":"2023-11-25T02:49:15","guid":{"rendered":"https:\/\/pravnabrezskrbnost.si\/?page_id=761"},"modified":"2023-11-25T02:49:15","modified_gmt":"2023-11-25T02:49:15","slug":"pridobitev-dokumentacije-sestava-in-izpolnitev-oddaja-vloge-oz-obrazca-za-bivanje-v-domu-starejsih-obcanov","status":"publish","type":"page","link":"https:\/\/pravnabrezskrbnost.si\/index.php\/pridobitev-dokumentacije-sestava-in-izpolnitev-oddaja-vloge-oz-obrazca-za-bivanje-v-domu-starejsih-obcanov\/","title":{"rendered":"Pridobitev dokumentacije, sestava in izpolnitev, oddaja vloge oz. obrazca za bivanje v domu starej\u0161ih ob\u010danov"},"content":{"rendered":"\n<div class=\"wp-block-columns is-layout-flex wp-container-core-columns-is-layout-9d6595d7 wp-block-columns-is-layout-flex\">\n<div class=\"wp-block-column is-layout-flow wp-block-column-is-layout-flow\">\n<figure class=\"wp-block-image size-large\"><img loading=\"lazy\" decoding=\"async\" width=\"1024\" height=\"683\" src=\"https:\/\/pravnabrezskrbnost.si\/wp-content\/uploads\/2023\/11\/shutterstock_1178442706-1024x683.jpg\" alt=\"\" class=\"wp-image-762\" srcset=\"https:\/\/pravnabrezskrbnost.si\/wp-content\/uploads\/2023\/11\/shutterstock_1178442706-1024x683.jpg 1024w, https:\/\/pravnabrezskrbnost.si\/wp-content\/uploads\/2023\/11\/shutterstock_1178442706-300x200.jpg 300w, https:\/\/pravnabrezskrbnost.si\/wp-content\/uploads\/2023\/11\/shutterstock_1178442706-768x512.jpg 768w, https:\/\/pravnabrezskrbnost.si\/wp-content\/uploads\/2023\/11\/shutterstock_1178442706-1536x1024.jpg 1536w, https:\/\/pravnabrezskrbnost.si\/wp-content\/uploads\/2023\/11\/shutterstock_1178442706-2048x1365.jpg 2048w, https:\/\/pravnabrezskrbnost.si\/wp-content\/uploads\/2023\/11\/shutterstock_1178442706-930x620.jpg 930w\" sizes=\"auto, (max-width: 1024px) 100vw, 1024px\" \/><\/figure>\n<\/div>\n\n\n\n<div class=\"wp-block-column is-vertically-aligned-center is-layout-flow wp-block-column-is-layout-flow\">\n<p>Pridobitev dokumentacije, sestava in izpolnitev, oddaja vloge oz. obrazca za bivanje v domu starej\u0161ih ob\u010danov. Javni razpis za prosta mesta v domu starej\u0161ih ob\u010danov so razpisana, kateri mora biti izpolnjen pravilno, vsa zahtevana dokumentacija \/ priloge je dokaj velik zahteven napor. Veliko je vpra\u0161anj, tukaj vam pomagamo mi, za vas izpolnimo in tudi oddamo vlogo. Prav tako vam vse to uredimo tudi, \u010de ni razpisa, da vas uvrstimo na prednostno listo. Na va\u0161o \u017eeljo pridobimo dokumentacijo, preverimo ali ste upravi\u010deni do subvencije bivanja v domu ostarelih in kak\u0161ni dodatki vam vse pripadajo (oskrbnina, postre\u017enina,\u2026), izpolnimo obrazec\u00a0 in oddamo vlogo z vso potrebno dokumentacijo.\u00a0\u00a0\u00a0\u00a0\u00a0\u00a0<\/p>\n<\/div>\n<\/div>\n","protected":false},"excerpt":{"rendered":"<p>Pridobitev dokumentacije, sestava in izpolnitev, oddaja vloge oz. obrazca za bivanje v domu starej\u0161ih ob\u010danov. Javni razpis za prosta mesta v domu starej\u0161ih ob\u010danov so razpisana, kateri mora biti izpolnjen pravilno, vsa zahtevana dokumentacija \/ priloge je dokaj velik zahteven napor. Veliko je vpra\u0161anj, tukaj vam pomagamo mi, za vas izpolnimo in tudi oddamo vlogo.&hellip;&nbsp;<a href=\"https:\/\/pravnabrezskrbnost.si\/index.php\/pridobitev-dokumentacije-sestava-in-izpolnitev-oddaja-vloge-oz-obrazca-za-bivanje-v-domu-starejsih-obcanov\/\" class=\"\" rel=\"bookmark\">Preberi ve\u010d &raquo;<span class=\"screen-reader-text\">Pridobitev dokumentacije, sestava in izpolnitev, oddaja vloge oz. obrazca za bivanje v domu starej\u0161ih ob\u010danov<\/span><\/a><\/p>\n","protected":false},"author":1,"featured_media":0,"parent":0,"menu_order":0,"comment_status":"closed","ping_status":"closed","template":"","meta":{"om_disable_all_campaigns":false,"_monsterinsights_skip_tracking":false,"_monsterinsights_sitenote_active":false,"_monsterinsights_sitenote_note":"","_monsterinsights_sitenote_category":0,"neve_meta_sidebar":"","neve_meta_container":"","neve_meta_enable_content_width":"","neve_meta_content_width":0,"neve_meta_title_alignment":"","neve_meta_author_avatar":"","neve_post_elements_order":"","neve_meta_disable_header":"","neve_meta_disable_footer":"","neve_meta_disable_title":"","_themeisle_gutenberg_block_has_review":false,"_ti_tpc_template_sync":false,"_ti_tpc_template_id":"","footnotes":""},"class_list":["post-761","page","type-page","status-publish","hentry"],"aioseo_notices":[],"_links":{"self":[{"href":"https:\/\/pravnabrezskrbnost.si\/index.php\/wp-json\/wp\/v2\/pages\/761","targetHints":{"allow":["GET"]}}],"collection":[{"href":"https:\/\/pravnabrezskrbnost.si\/index.php\/wp-json\/wp\/v2\/pages"}],"about":[{"href":"https:\/\/pravnabrezskrbnost.si\/index.php\/wp-json\/wp\/v2\/types\/page"}],"author":[{"embeddable":true,"href":"https:\/\/pravnabrezskrbnost.si\/index.php\/wp-json\/wp\/v2\/users\/1"}],"replies":[{"embeddable":true,"href":"https:\/\/pravnabrezskrbnost.si\/index.php\/wp-json\/wp\/v2\/comments?post=761"}],"version-history":[{"count":1,"href":"https:\/\/pravnabrezskrbnost.si\/index.php\/wp-json\/wp\/v2\/pages\/761\/revisions"}],"predecessor-version":[{"id":763,"href":"https:\/\/pravnabrezskrbnost.si\/index.php\/wp-json\/wp\/v2\/pages\/761\/revisions\/763"}],"wp:attachment":[{"href":"https:\/\/pravnabrezskrbnost.si\/index.php\/wp-json\/wp\/v2\/media?parent=761"}],"curies":[{"name":"wp","href":"https:\/\/api.w.org\/{rel}","templated":true}]}}