{"id":755,"date":"2023-11-25T02:46:13","date_gmt":"2023-11-25T02:46:13","guid":{"rendered":"https:\/\/pravnabrezskrbnost.si\/?page_id=755"},"modified":"2023-11-25T02:46:13","modified_gmt":"2023-11-25T02:46:13","slug":"izpolnitev-oddaja-vloge-oz-obrazca-za-odmero-dohodnine","status":"publish","type":"page","link":"https:\/\/pravnabrezskrbnost.si\/index.php\/izpolnitev-oddaja-vloge-oz-obrazca-za-odmero-dohodnine\/","title":{"rendered":"izpolnitev, oddaja vloge oz. obrazca za odmero dohodnine"},"content":{"rendered":"\n<div class=\"wp-block-columns is-layout-flex wp-container-core-columns-is-layout-9d6595d7 wp-block-columns-is-layout-flex\">\n<div class=\"wp-block-column is-layout-flow wp-block-column-is-layout-flow\">\n<figure class=\"wp-block-image size-large\"><img loading=\"lazy\" decoding=\"async\" width=\"1024\" height=\"683\" src=\"https:\/\/pravnabrezskrbnost.si\/wp-content\/uploads\/2023\/11\/shutterstock_726441562-1024x683.jpg\" alt=\"\" class=\"wp-image-756\" srcset=\"https:\/\/pravnabrezskrbnost.si\/wp-content\/uploads\/2023\/11\/shutterstock_726441562-1024x683.jpg 1024w, https:\/\/pravnabrezskrbnost.si\/wp-content\/uploads\/2023\/11\/shutterstock_726441562-300x200.jpg 300w, https:\/\/pravnabrezskrbnost.si\/wp-content\/uploads\/2023\/11\/shutterstock_726441562-768x512.jpg 768w, https:\/\/pravnabrezskrbnost.si\/wp-content\/uploads\/2023\/11\/shutterstock_726441562-1536x1024.jpg 1536w, https:\/\/pravnabrezskrbnost.si\/wp-content\/uploads\/2023\/11\/shutterstock_726441562-2048x1365.jpg 2048w, https:\/\/pravnabrezskrbnost.si\/wp-content\/uploads\/2023\/11\/shutterstock_726441562-930x620.jpg 930w\" sizes=\"auto, (max-width: 1024px) 100vw, 1024px\" \/><\/figure>\n<\/div>\n\n\n\n<div class=\"wp-block-column is-vertically-aligned-center is-layout-flow wp-block-column-is-layout-flow\">\n<p>Izpolnitev in oddaja vloge za odmero dohodnine.<\/p>\n\n\n\n<p>Ve\u010dno vpra\u0161anje odmera dohodnine,&nbsp; koliko dobim nazaj, koliko moram dopla\u010dati, kako v\u0161teti olaj\u0161ave in vzdr\u017eevanje dru\u017einskih \u010dlanov? Kdo naj odda vlogo? Oba ali samo eden? Kaj je najbolje za letno povra\u010dilo? Kam oddati izpolnjeno vlogo?<\/p>\n\n\n\n<p>Vse to vam mi izpolnimo, naredimo okvirni izra\u010dun, v\u0161tejemo olaj\u0161ave, ter oddamo vlogo.<\/p>\n<\/div>\n<\/div>\n","protected":false},"excerpt":{"rendered":"<p>Izpolnitev in oddaja vloge za odmero dohodnine. Ve\u010dno vpra\u0161anje odmera dohodnine,&nbsp; koliko dobim nazaj, koliko moram dopla\u010dati, kako v\u0161teti olaj\u0161ave in vzdr\u017eevanje dru\u017einskih \u010dlanov? Kdo naj odda vlogo? Oba ali samo eden? Kaj je najbolje za letno povra\u010dilo? Kam oddati izpolnjeno vlogo? Vse to vam mi izpolnimo, naredimo okvirni izra\u010dun, v\u0161tejemo olaj\u0161ave, ter oddamo vlogo.<\/p>\n","protected":false},"author":1,"featured_media":0,"parent":0,"menu_order":0,"comment_status":"closed","ping_status":"closed","template":"","meta":{"om_disable_all_campaigns":false,"_monsterinsights_skip_tracking":false,"_monsterinsights_sitenote_active":false,"_monsterinsights_sitenote_note":"","_monsterinsights_sitenote_category":0,"neve_meta_sidebar":"","neve_meta_container":"","neve_meta_enable_content_width":"","neve_meta_content_width":0,"neve_meta_title_alignment":"","neve_meta_author_avatar":"","neve_post_elements_order":"","neve_meta_disable_header":"","neve_meta_disable_footer":"","neve_meta_disable_title":"","_themeisle_gutenberg_block_has_review":false,"_ti_tpc_template_sync":false,"_ti_tpc_template_id":"","footnotes":""},"class_list":["post-755","page","type-page","status-publish","hentry"],"aioseo_notices":[],"_links":{"self":[{"href":"https:\/\/pravnabrezskrbnost.si\/index.php\/wp-json\/wp\/v2\/pages\/755","targetHints":{"allow":["GET"]}}],"collection":[{"href":"https:\/\/pravnabrezskrbnost.si\/index.php\/wp-json\/wp\/v2\/pages"}],"about":[{"href":"https:\/\/pravnabrezskrbnost.si\/index.php\/wp-json\/wp\/v2\/types\/page"}],"author":[{"embeddable":true,"href":"https:\/\/pravnabrezskrbnost.si\/index.php\/wp-json\/wp\/v2\/users\/1"}],"replies":[{"embeddable":true,"href":"https:\/\/pravnabrezskrbnost.si\/index.php\/wp-json\/wp\/v2\/comments?post=755"}],"version-history":[{"count":1,"href":"https:\/\/pravnabrezskrbnost.si\/index.php\/wp-json\/wp\/v2\/pages\/755\/revisions"}],"predecessor-version":[{"id":757,"href":"https:\/\/pravnabrezskrbnost.si\/index.php\/wp-json\/wp\/v2\/pages\/755\/revisions\/757"}],"wp:attachment":[{"href":"https:\/\/pravnabrezskrbnost.si\/index.php\/wp-json\/wp\/v2\/media?parent=755"}],"curies":[{"name":"wp","href":"https:\/\/api.w.org\/{rel}","templated":true}]}}