{"id":749,"date":"2023-11-25T02:42:04","date_gmt":"2023-11-25T02:42:04","guid":{"rendered":"https:\/\/pravnabrezskrbnost.si\/?page_id=749"},"modified":"2023-11-25T02:42:05","modified_gmt":"2023-11-25T02:42:05","slug":"sestava-in-izpolnitev-oddaja-vloge-oz-obrazca-za-vozovnico-javnega-prevoza-za-starejse-obcane-in-upokojence","status":"publish","type":"page","link":"https:\/\/pravnabrezskrbnost.si\/index.php\/sestava-in-izpolnitev-oddaja-vloge-oz-obrazca-za-vozovnico-javnega-prevoza-za-starejse-obcane-in-upokojence\/","title":{"rendered":"Sestava in izpolnitev, oddaja vloge oz. obrazca za vozovnico javnega prevoza za starej\u0161e ob\u010dane in upokojence"},"content":{"rendered":"\n<div class=\"wp-block-columns is-layout-flex wp-container-core-columns-is-layout-9d6595d7 wp-block-columns-is-layout-flex\">\n<div class=\"wp-block-column is-layout-flow wp-block-column-is-layout-flow\">\n<figure class=\"wp-block-image size-large\"><img loading=\"lazy\" decoding=\"async\" width=\"1024\" height=\"683\" src=\"https:\/\/pravnabrezskrbnost.si\/wp-content\/uploads\/2023\/11\/shutterstock_655041007-1024x683.jpg\" alt=\"\" class=\"wp-image-750\" srcset=\"https:\/\/pravnabrezskrbnost.si\/wp-content\/uploads\/2023\/11\/shutterstock_655041007-1024x683.jpg 1024w, https:\/\/pravnabrezskrbnost.si\/wp-content\/uploads\/2023\/11\/shutterstock_655041007-300x200.jpg 300w, https:\/\/pravnabrezskrbnost.si\/wp-content\/uploads\/2023\/11\/shutterstock_655041007-768x513.jpg 768w, https:\/\/pravnabrezskrbnost.si\/wp-content\/uploads\/2023\/11\/shutterstock_655041007-1536x1025.jpg 1536w, https:\/\/pravnabrezskrbnost.si\/wp-content\/uploads\/2023\/11\/shutterstock_655041007-2048x1367.jpg 2048w, https:\/\/pravnabrezskrbnost.si\/wp-content\/uploads\/2023\/11\/shutterstock_655041007-930x620.jpg 930w\" sizes=\"auto, (max-width: 1024px) 100vw, 1024px\" \/><\/figure>\n<\/div>\n\n\n\n<div class=\"wp-block-column is-vertically-aligned-center is-layout-flow wp-block-column-is-layout-flow\">\n<p>Sestava in izpolnitev, oddaja vloge oz. obrazca za vozovnico javnega prevoza za starej\u0161e ob\u010dane in upokojence<\/p>\n\n\n\n<p>Vo\u017enja&nbsp; po mestu z javnim prevozom, ki vam omogo\u010da brezpla\u010dno mobilnost v primeru, da niste ve\u010d voznik ali va\u0161i otroci, vnuki nimajo \u010dasa, da vas vozijo?&nbsp; Ne kupujte vozovnic, ker so za upokojence brezpla\u010dne.<\/p>\n\n\n\n<p>Mi vam pridobimo dokumentacijo, sestavimo in izpolnimo vloge oz. obrazec za brezpla\u010dno vozovnico po na\u0161i lepi dr\u017eavi.<\/p>\n<\/div>\n<\/div>\n","protected":false},"excerpt":{"rendered":"<p>Sestava in izpolnitev, oddaja vloge oz. obrazca za vozovnico javnega prevoza za starej\u0161e ob\u010dane in upokojence Vo\u017enja&nbsp; po mestu z javnim prevozom, ki vam omogo\u010da brezpla\u010dno mobilnost v primeru, da niste ve\u010d voznik ali va\u0161i otroci, vnuki nimajo \u010dasa, da vas vozijo?&nbsp; Ne kupujte vozovnic, ker so za upokojence brezpla\u010dne. Mi vam pridobimo dokumentacijo, sestavimo&hellip;&nbsp;<a href=\"https:\/\/pravnabrezskrbnost.si\/index.php\/sestava-in-izpolnitev-oddaja-vloge-oz-obrazca-za-vozovnico-javnega-prevoza-za-starejse-obcane-in-upokojence\/\" class=\"\" rel=\"bookmark\">Preberi ve\u010d &raquo;<span class=\"screen-reader-text\">Sestava in izpolnitev, oddaja vloge oz. obrazca za vozovnico javnega prevoza za starej\u0161e ob\u010dane in upokojence<\/span><\/a><\/p>\n","protected":false},"author":1,"featured_media":0,"parent":0,"menu_order":0,"comment_status":"closed","ping_status":"closed","template":"","meta":{"om_disable_all_campaigns":false,"_monsterinsights_skip_tracking":false,"_monsterinsights_sitenote_active":false,"_monsterinsights_sitenote_note":"","_monsterinsights_sitenote_category":0,"neve_meta_sidebar":"","neve_meta_container":"","neve_meta_enable_content_width":"","neve_meta_content_width":0,"neve_meta_title_alignment":"","neve_meta_author_avatar":"","neve_post_elements_order":"","neve_meta_disable_header":"","neve_meta_disable_footer":"","neve_meta_disable_title":"","_themeisle_gutenberg_block_has_review":false,"_ti_tpc_template_sync":false,"_ti_tpc_template_id":"","footnotes":""},"class_list":["post-749","page","type-page","status-publish","hentry"],"aioseo_notices":[],"_links":{"self":[{"href":"https:\/\/pravnabrezskrbnost.si\/index.php\/wp-json\/wp\/v2\/pages\/749","targetHints":{"allow":["GET"]}}],"collection":[{"href":"https:\/\/pravnabrezskrbnost.si\/index.php\/wp-json\/wp\/v2\/pages"}],"about":[{"href":"https:\/\/pravnabrezskrbnost.si\/index.php\/wp-json\/wp\/v2\/types\/page"}],"author":[{"embeddable":true,"href":"https:\/\/pravnabrezskrbnost.si\/index.php\/wp-json\/wp\/v2\/users\/1"}],"replies":[{"embeddable":true,"href":"https:\/\/pravnabrezskrbnost.si\/index.php\/wp-json\/wp\/v2\/comments?post=749"}],"version-history":[{"count":1,"href":"https:\/\/pravnabrezskrbnost.si\/index.php\/wp-json\/wp\/v2\/pages\/749\/revisions"}],"predecessor-version":[{"id":751,"href":"https:\/\/pravnabrezskrbnost.si\/index.php\/wp-json\/wp\/v2\/pages\/749\/revisions\/751"}],"wp:attachment":[{"href":"https:\/\/pravnabrezskrbnost.si\/index.php\/wp-json\/wp\/v2\/media?parent=749"}],"curies":[{"name":"wp","href":"https:\/\/api.w.org\/{rel}","templated":true}]}}