{"id":743,"date":"2023-11-25T02:38:20","date_gmt":"2023-11-25T02:38:20","guid":{"rendered":"https:\/\/pravnabrezskrbnost.si\/?page_id=743"},"modified":"2023-11-25T02:38:20","modified_gmt":"2023-11-25T02:38:20","slug":"sestava-pogodb-o-dosmrtnem-prezivljanju-priuzitkarskih-pogodb-sklenitev-pogodbe-o-dozivljenjskem-prezivljanju-osebe-z-vkljucenim-dedovanjem-darilnih-pogodb-in-menjalnih-pogodb","status":"publish","type":"page","link":"https:\/\/pravnabrezskrbnost.si\/index.php\/sestava-pogodb-o-dosmrtnem-prezivljanju-priuzitkarskih-pogodb-sklenitev-pogodbe-o-dozivljenjskem-prezivljanju-osebe-z-vkljucenim-dedovanjem-darilnih-pogodb-in-menjalnih-pogodb\/","title":{"rendered":"Sestava pogodb o dosmrtnem pre\u017eivljanju, priu\u017eitkarskih pogodb (sklenitev pogodbe o do\u017eivljenjskem\u00a0 pre\u017eivljanju osebe z vklju\u010denim dedovanjem ) , darilnih pogodb in menjalnih pogodb"},"content":{"rendered":"\n<div class=\"wp-block-columns is-layout-flex wp-container-core-columns-is-layout-9d6595d7 wp-block-columns-is-layout-flex\">\n<div class=\"wp-block-column is-layout-flow wp-block-column-is-layout-flow\">\n<figure class=\"wp-block-image size-large\"><img loading=\"lazy\" decoding=\"async\" width=\"1024\" height=\"683\" src=\"https:\/\/pravnabrezskrbnost.si\/wp-content\/uploads\/2023\/11\/shutterstock_597617192-1024x683.jpg\" alt=\"\" class=\"wp-image-744\" srcset=\"https:\/\/pravnabrezskrbnost.si\/wp-content\/uploads\/2023\/11\/shutterstock_597617192-1024x683.jpg 1024w, https:\/\/pravnabrezskrbnost.si\/wp-content\/uploads\/2023\/11\/shutterstock_597617192-300x200.jpg 300w, https:\/\/pravnabrezskrbnost.si\/wp-content\/uploads\/2023\/11\/shutterstock_597617192-768x512.jpg 768w, https:\/\/pravnabrezskrbnost.si\/wp-content\/uploads\/2023\/11\/shutterstock_597617192-1536x1024.jpg 1536w, https:\/\/pravnabrezskrbnost.si\/wp-content\/uploads\/2023\/11\/shutterstock_597617192-2048x1365.jpg 2048w, https:\/\/pravnabrezskrbnost.si\/wp-content\/uploads\/2023\/11\/shutterstock_597617192-930x620.jpg 930w\" sizes=\"auto, (max-width: 1024px) 100vw, 1024px\" \/><\/figure>\n<\/div>\n\n\n\n<div class=\"wp-block-column is-vertically-aligned-center is-layout-flow wp-block-column-is-layout-flow\">\n<p>Sestava pogodb o dosmrtnem pre\u017eivljanju, priu\u017eitkarskih pogodb (sklenitev pogodb o do\u017eivljenjskem&nbsp; pre\u017eivljanju osebe z vklju\u010denim dedovanjem ), darilnih pogodb in menjalnih pogodb. \u017delite imeti varno, brezskrbno starost brez stresa in razmi\u0161ljanja? Je va\u0161a \u017eelja, da nekdo za vas skrbi v celoti ali po medsebojnem dogovoru, \u010de je ali tudi \u010de ni va\u0161 sorodnik, ko ste nemo\u010dni, ter&nbsp; je za to z va\u0161e strani nagrajen z dedovanjem po va\u0161i smrti? Mi vam napi\u0161emo, sestavimo v celoti pogodbo z vsebino va\u0161e \u017eelje.<\/p>\n<\/div>\n<\/div>\n","protected":false},"excerpt":{"rendered":"<p>Sestava pogodb o dosmrtnem pre\u017eivljanju, priu\u017eitkarskih pogodb (sklenitev pogodb o do\u017eivljenjskem&nbsp; pre\u017eivljanju osebe z vklju\u010denim dedovanjem ), darilnih pogodb in menjalnih pogodb. \u017delite imeti varno, brezskrbno starost brez stresa in razmi\u0161ljanja? Je va\u0161a \u017eelja, da nekdo za vas skrbi v celoti ali po medsebojnem dogovoru, \u010de je ali tudi \u010de ni va\u0161 sorodnik, ko ste&hellip;&nbsp;<a href=\"https:\/\/pravnabrezskrbnost.si\/index.php\/sestava-pogodb-o-dosmrtnem-prezivljanju-priuzitkarskih-pogodb-sklenitev-pogodbe-o-dozivljenjskem-prezivljanju-osebe-z-vkljucenim-dedovanjem-darilnih-pogodb-in-menjalnih-pogodb\/\" class=\"\" rel=\"bookmark\">Preberi ve\u010d &raquo;<span class=\"screen-reader-text\">Sestava pogodb o dosmrtnem pre\u017eivljanju, priu\u017eitkarskih pogodb (sklenitev pogodbe o do\u017eivljenjskem\u00a0 pre\u017eivljanju osebe z vklju\u010denim dedovanjem ) , darilnih pogodb in menjalnih pogodb<\/span><\/a><\/p>\n","protected":false},"author":1,"featured_media":0,"parent":0,"menu_order":0,"comment_status":"closed","ping_status":"closed","template":"","meta":{"om_disable_all_campaigns":false,"_monsterinsights_skip_tracking":false,"_monsterinsights_sitenote_active":false,"_monsterinsights_sitenote_note":"","_monsterinsights_sitenote_category":0,"neve_meta_sidebar":"","neve_meta_container":"","neve_meta_enable_content_width":"","neve_meta_content_width":0,"neve_meta_title_alignment":"","neve_meta_author_avatar":"","neve_post_elements_order":"","neve_meta_disable_header":"","neve_meta_disable_footer":"","neve_meta_disable_title":"","_themeisle_gutenberg_block_has_review":false,"_ti_tpc_template_sync":false,"_ti_tpc_template_id":"","footnotes":""},"class_list":["post-743","page","type-page","status-publish","hentry"],"aioseo_notices":[],"_links":{"self":[{"href":"https:\/\/pravnabrezskrbnost.si\/index.php\/wp-json\/wp\/v2\/pages\/743","targetHints":{"allow":["GET"]}}],"collection":[{"href":"https:\/\/pravnabrezskrbnost.si\/index.php\/wp-json\/wp\/v2\/pages"}],"about":[{"href":"https:\/\/pravnabrezskrbnost.si\/index.php\/wp-json\/wp\/v2\/types\/page"}],"author":[{"embeddable":true,"href":"https:\/\/pravnabrezskrbnost.si\/index.php\/wp-json\/wp\/v2\/users\/1"}],"replies":[{"embeddable":true,"href":"https:\/\/pravnabrezskrbnost.si\/index.php\/wp-json\/wp\/v2\/comments?post=743"}],"version-history":[{"count":1,"href":"https:\/\/pravnabrezskrbnost.si\/index.php\/wp-json\/wp\/v2\/pages\/743\/revisions"}],"predecessor-version":[{"id":745,"href":"https:\/\/pravnabrezskrbnost.si\/index.php\/wp-json\/wp\/v2\/pages\/743\/revisions\/745"}],"wp:attachment":[{"href":"https:\/\/pravnabrezskrbnost.si\/index.php\/wp-json\/wp\/v2\/media?parent=743"}],"curies":[{"name":"wp","href":"https:\/\/api.w.org\/{rel}","templated":true}]}}