{"id":734,"date":"2023-11-25T02:33:42","date_gmt":"2023-11-25T02:33:42","guid":{"rendered":"https:\/\/pravnabrezskrbnost.si\/?page_id=734"},"modified":"2023-11-25T02:33:42","modified_gmt":"2023-11-25T02:33:42","slug":"sestavimo-dopis-in-posljemo-vlogo-za-vase-dobro-v-primeru-storjenega-cestno-prometnega-prekrska-odvzema-vozniskega-dovoljenja-in-obrocno-placilo-globe-kazni","status":"publish","type":"page","link":"https:\/\/pravnabrezskrbnost.si\/index.php\/sestavimo-dopis-in-posljemo-vlogo-za-vase-dobro-v-primeru-storjenega-cestno-prometnega-prekrska-odvzema-vozniskega-dovoljenja-in-obrocno-placilo-globe-kazni\/","title":{"rendered":"Sestavimo dopis in po\u0161ljemo vlogo za \u00bbva\u0161e dobro\u00ab v primeru storjenega cestno prometnega prekr\u0161ka, odvzema vozni\u0161kega dovoljenja in obro\u010dno pla\u010dilo globe\/kazni"},"content":{"rendered":"\n<div class=\"wp-block-columns is-layout-flex wp-container-core-columns-is-layout-9d6595d7 wp-block-columns-is-layout-flex\">\n<div class=\"wp-block-column is-layout-flow wp-block-column-is-layout-flow\">\n<figure class=\"wp-block-image size-large\"><img loading=\"lazy\" decoding=\"async\" width=\"1024\" height=\"683\" src=\"https:\/\/pravnabrezskrbnost.si\/wp-content\/uploads\/2023\/11\/shutterstock_1722852577-1024x683.jpg\" alt=\"\" class=\"wp-image-735\" srcset=\"https:\/\/pravnabrezskrbnost.si\/wp-content\/uploads\/2023\/11\/shutterstock_1722852577-1024x683.jpg 1024w, https:\/\/pravnabrezskrbnost.si\/wp-content\/uploads\/2023\/11\/shutterstock_1722852577-300x200.jpg 300w, https:\/\/pravnabrezskrbnost.si\/wp-content\/uploads\/2023\/11\/shutterstock_1722852577-768x512.jpg 768w, https:\/\/pravnabrezskrbnost.si\/wp-content\/uploads\/2023\/11\/shutterstock_1722852577-1536x1024.jpg 1536w, https:\/\/pravnabrezskrbnost.si\/wp-content\/uploads\/2023\/11\/shutterstock_1722852577-2048x1365.jpg 2048w, https:\/\/pravnabrezskrbnost.si\/wp-content\/uploads\/2023\/11\/shutterstock_1722852577-930x620.jpg 930w\" sizes=\"auto, (max-width: 1024px) 100vw, 1024px\" \/><\/figure>\n<\/div>\n\n\n\n<div class=\"wp-block-column is-vertically-aligned-center is-layout-flow wp-block-column-is-layout-flow\">\n<p>Sestavimo dopis in po\u0161ljemo vlogo za \u00bbva\u0161e dobro\u00ab v primeru storjenega cestno prometnega prekr\u0161ka, odvzema vozni\u0161kega dovoljenja in vam poskusimo pridobiti obro\u010dno pla\u010dilo globe\/kazni . Ste se zna\u0161li v te\u017ekem polo\u017eaju zaradi vozni\u0161kega dovoljenja? Kaj je potrebno storiti, da ga dobim nazaj in kako? Kaj se bo zgodilo, bo trajni odvzem ali za\u010dasni? Kako poravnati znesek globe, saj je zelo visok.\u00a0 Vpra\u0161anje na vpra\u0161anje, katerega vam pomagamo razjasniti mi. Prav tako vam napi\u0161emo in oddamo vlogo \/ zahtevek za na sodi\u0161\u010de. Se dogovorimo za zdravni\u0161ki pregled in delavnice v primeru, \u010de je to potrebno.<\/p>\n<\/div>\n<\/div>\n","protected":false},"excerpt":{"rendered":"<p>Sestavimo dopis in po\u0161ljemo vlogo za \u00bbva\u0161e dobro\u00ab v primeru storjenega cestno prometnega prekr\u0161ka, odvzema vozni\u0161kega dovoljenja in vam poskusimo pridobiti obro\u010dno pla\u010dilo globe\/kazni . Ste se zna\u0161li v te\u017ekem polo\u017eaju zaradi vozni\u0161kega dovoljenja? Kaj je potrebno storiti, da ga dobim nazaj in kako? Kaj se bo zgodilo, bo trajni odvzem ali za\u010dasni? Kako poravnati&hellip;&nbsp;<a href=\"https:\/\/pravnabrezskrbnost.si\/index.php\/sestavimo-dopis-in-posljemo-vlogo-za-vase-dobro-v-primeru-storjenega-cestno-prometnega-prekrska-odvzema-vozniskega-dovoljenja-in-obrocno-placilo-globe-kazni\/\" class=\"\" rel=\"bookmark\">Preberi ve\u010d &raquo;<span class=\"screen-reader-text\">Sestavimo dopis in po\u0161ljemo vlogo za \u00bbva\u0161e dobro\u00ab v primeru storjenega cestno prometnega prekr\u0161ka, odvzema vozni\u0161kega dovoljenja in obro\u010dno pla\u010dilo globe\/kazni<\/span><\/a><\/p>\n","protected":false},"author":1,"featured_media":0,"parent":0,"menu_order":0,"comment_status":"closed","ping_status":"closed","template":"","meta":{"om_disable_all_campaigns":false,"_monsterinsights_skip_tracking":false,"_monsterinsights_sitenote_active":false,"_monsterinsights_sitenote_note":"","_monsterinsights_sitenote_category":0,"neve_meta_sidebar":"","neve_meta_container":"","neve_meta_enable_content_width":"","neve_meta_content_width":0,"neve_meta_title_alignment":"","neve_meta_author_avatar":"","neve_post_elements_order":"","neve_meta_disable_header":"","neve_meta_disable_footer":"","neve_meta_disable_title":"","_themeisle_gutenberg_block_has_review":false,"_ti_tpc_template_sync":false,"_ti_tpc_template_id":"","footnotes":""},"class_list":["post-734","page","type-page","status-publish","hentry"],"aioseo_notices":[],"_links":{"self":[{"href":"https:\/\/pravnabrezskrbnost.si\/index.php\/wp-json\/wp\/v2\/pages\/734","targetHints":{"allow":["GET"]}}],"collection":[{"href":"https:\/\/pravnabrezskrbnost.si\/index.php\/wp-json\/wp\/v2\/pages"}],"about":[{"href":"https:\/\/pravnabrezskrbnost.si\/index.php\/wp-json\/wp\/v2\/types\/page"}],"author":[{"embeddable":true,"href":"https:\/\/pravnabrezskrbnost.si\/index.php\/wp-json\/wp\/v2\/users\/1"}],"replies":[{"embeddable":true,"href":"https:\/\/pravnabrezskrbnost.si\/index.php\/wp-json\/wp\/v2\/comments?post=734"}],"version-history":[{"count":1,"href":"https:\/\/pravnabrezskrbnost.si\/index.php\/wp-json\/wp\/v2\/pages\/734\/revisions"}],"predecessor-version":[{"id":736,"href":"https:\/\/pravnabrezskrbnost.si\/index.php\/wp-json\/wp\/v2\/pages\/734\/revisions\/736"}],"wp:attachment":[{"href":"https:\/\/pravnabrezskrbnost.si\/index.php\/wp-json\/wp\/v2\/media?parent=734"}],"curies":[{"name":"wp","href":"https:\/\/api.w.org\/{rel}","templated":true}]}}