{"id":731,"date":"2023-11-25T02:31:51","date_gmt":"2023-11-25T02:31:51","guid":{"rendered":"https:\/\/pravnabrezskrbnost.si\/?page_id=731"},"modified":"2023-11-25T02:31:51","modified_gmt":"2023-11-25T02:31:51","slug":"pomoc-pri-komunikaciji-ter-narocanju-na-zdravstvene-storitve-preglede-in-preiskave-in-komunikaciji-z-zdravstvenimi-domovi-ter-bolnicami","status":"publish","type":"page","link":"https:\/\/pravnabrezskrbnost.si\/index.php\/pomoc-pri-komunikaciji-ter-narocanju-na-zdravstvene-storitve-preglede-in-preiskave-in-komunikaciji-z-zdravstvenimi-domovi-ter-bolnicami\/","title":{"rendered":"Pomo\u010d pri komunikaciji, ter naro\u010danju na zdravstvene storitve (preglede in preiskave) in komunikaciji z zdravstvenimi domovi ter bolnicami"},"content":{"rendered":"\n<div class=\"wp-block-columns is-layout-flex wp-container-core-columns-is-layout-9d6595d7 wp-block-columns-is-layout-flex\">\n<div class=\"wp-block-column is-layout-flow wp-block-column-is-layout-flow\">\n<figure class=\"wp-block-image size-large\"><img loading=\"lazy\" decoding=\"async\" width=\"1024\" height=\"576\" src=\"https:\/\/pravnabrezskrbnost.si\/wp-content\/uploads\/2023\/11\/shutterstock_1129302494-1024x576.jpg\" alt=\"\" class=\"wp-image-732\" srcset=\"https:\/\/pravnabrezskrbnost.si\/wp-content\/uploads\/2023\/11\/shutterstock_1129302494-1024x576.jpg 1024w, https:\/\/pravnabrezskrbnost.si\/wp-content\/uploads\/2023\/11\/shutterstock_1129302494-300x169.jpg 300w, https:\/\/pravnabrezskrbnost.si\/wp-content\/uploads\/2023\/11\/shutterstock_1129302494-768x432.jpg 768w, https:\/\/pravnabrezskrbnost.si\/wp-content\/uploads\/2023\/11\/shutterstock_1129302494-1536x864.jpg 1536w, https:\/\/pravnabrezskrbnost.si\/wp-content\/uploads\/2023\/11\/shutterstock_1129302494-2048x1152.jpg 2048w\" sizes=\"auto, (max-width: 1024px) 100vw, 1024px\" \/><\/figure>\n<\/div>\n\n\n\n<div class=\"wp-block-column is-vertically-aligned-center is-layout-flow wp-block-column-is-layout-flow\">\n<p>Pomo\u010d pri komunikaciji, ter naro\u010danju na zdravstvene storitve (preglede in preiskave) in komunikaciji z zdravstvenimi domovi ter bolnicami. Telefonsko naro\u010dje na zdravstvene preglede in preiskave je za nekatere prava nadloga, ker po ve\u010dkratnem klicanju marsikdaj nih\u010de ne dvigne telefona in ogla\u0161a se avtomatska tajnica. V dana\u0161njem \u010dasu &nbsp;je postalo vse digitalno in marsikdo ne more spremljati &nbsp;in se uspe\u0161no prilagajati &nbsp;hitrosti digitalizacije. Potrebno je poslati e e-mail, v\u010dasih prilo\u017eiti predhodne izvide ali potrebne dokumente. Znajdete se pri vpra\u0161anju kako? Kako komunicirati?<\/p>\n\n\n\n<p>Tukaj vam mi pomagamo z dogovarjanjem, usklajevanjem terminov za preglede in preiskave, ter \u00a0po\u0161iljanjem vseh potrebnih dokumentov.<\/p>\n<\/div>\n<\/div>\n","protected":false},"excerpt":{"rendered":"<p>Pomo\u010d pri komunikaciji, ter naro\u010danju na zdravstvene storitve (preglede in preiskave) in komunikaciji z zdravstvenimi domovi ter bolnicami. Telefonsko naro\u010dje na zdravstvene preglede in preiskave je za nekatere prava nadloga, ker po ve\u010dkratnem klicanju marsikdaj nih\u010de ne dvigne telefona in ogla\u0161a se avtomatska tajnica. V dana\u0161njem \u010dasu &nbsp;je postalo vse digitalno in marsikdo ne more&hellip;&nbsp;<a href=\"https:\/\/pravnabrezskrbnost.si\/index.php\/pomoc-pri-komunikaciji-ter-narocanju-na-zdravstvene-storitve-preglede-in-preiskave-in-komunikaciji-z-zdravstvenimi-domovi-ter-bolnicami\/\" class=\"\" rel=\"bookmark\">Preberi ve\u010d &raquo;<span class=\"screen-reader-text\">Pomo\u010d pri komunikaciji, ter naro\u010danju na zdravstvene storitve (preglede in preiskave) in komunikaciji z zdravstvenimi domovi ter bolnicami<\/span><\/a><\/p>\n","protected":false},"author":1,"featured_media":0,"parent":0,"menu_order":0,"comment_status":"closed","ping_status":"closed","template":"","meta":{"om_disable_all_campaigns":false,"_monsterinsights_skip_tracking":false,"_monsterinsights_sitenote_active":false,"_monsterinsights_sitenote_note":"","_monsterinsights_sitenote_category":0,"neve_meta_sidebar":"","neve_meta_container":"","neve_meta_enable_content_width":"","neve_meta_content_width":0,"neve_meta_title_alignment":"","neve_meta_author_avatar":"","neve_post_elements_order":"","neve_meta_disable_header":"","neve_meta_disable_footer":"","neve_meta_disable_title":"","_themeisle_gutenberg_block_has_review":false,"_ti_tpc_template_sync":false,"_ti_tpc_template_id":"","footnotes":""},"class_list":["post-731","page","type-page","status-publish","hentry"],"aioseo_notices":[],"_links":{"self":[{"href":"https:\/\/pravnabrezskrbnost.si\/index.php\/wp-json\/wp\/v2\/pages\/731","targetHints":{"allow":["GET"]}}],"collection":[{"href":"https:\/\/pravnabrezskrbnost.si\/index.php\/wp-json\/wp\/v2\/pages"}],"about":[{"href":"https:\/\/pravnabrezskrbnost.si\/index.php\/wp-json\/wp\/v2\/types\/page"}],"author":[{"embeddable":true,"href":"https:\/\/pravnabrezskrbnost.si\/index.php\/wp-json\/wp\/v2\/users\/1"}],"replies":[{"embeddable":true,"href":"https:\/\/pravnabrezskrbnost.si\/index.php\/wp-json\/wp\/v2\/comments?post=731"}],"version-history":[{"count":1,"href":"https:\/\/pravnabrezskrbnost.si\/index.php\/wp-json\/wp\/v2\/pages\/731\/revisions"}],"predecessor-version":[{"id":733,"href":"https:\/\/pravnabrezskrbnost.si\/index.php\/wp-json\/wp\/v2\/pages\/731\/revisions\/733"}],"wp:attachment":[{"href":"https:\/\/pravnabrezskrbnost.si\/index.php\/wp-json\/wp\/v2\/media?parent=731"}],"curies":[{"name":"wp","href":"https:\/\/api.w.org\/{rel}","templated":true}]}}