{"id":728,"date":"2023-11-25T02:30:20","date_gmt":"2023-11-25T02:30:20","guid":{"rendered":"https:\/\/pravnabrezskrbnost.si\/?page_id=728"},"modified":"2023-11-25T02:30:20","modified_gmt":"2023-11-25T02:30:20","slug":"pomoc-pri-pridobitvi-zdravstvenih-ter-dodatnih-zavarovanj-premozenjskih-zavarovanj","status":"publish","type":"page","link":"https:\/\/pravnabrezskrbnost.si\/index.php\/pomoc-pri-pridobitvi-zdravstvenih-ter-dodatnih-zavarovanj-premozenjskih-zavarovanj\/","title":{"rendered":"Pomo\u010d pri pridobitvi zdravstvenih ter dodatnih zavarovanj, premo\u017eenjskih zavarovanj"},"content":{"rendered":"\n<div class=\"wp-block-columns is-layout-flex wp-container-core-columns-is-layout-9d6595d7 wp-block-columns-is-layout-flex\">\n<div class=\"wp-block-column is-layout-flow wp-block-column-is-layout-flow\">\n<figure class=\"wp-block-image size-large\"><img loading=\"lazy\" decoding=\"async\" width=\"1024\" height=\"496\" src=\"https:\/\/pravnabrezskrbnost.si\/wp-content\/uploads\/2023\/11\/shutterstock_2075382679-1024x496.jpg\" alt=\"\" class=\"wp-image-729\" srcset=\"https:\/\/pravnabrezskrbnost.si\/wp-content\/uploads\/2023\/11\/shutterstock_2075382679-1024x496.jpg 1024w, https:\/\/pravnabrezskrbnost.si\/wp-content\/uploads\/2023\/11\/shutterstock_2075382679-300x145.jpg 300w, https:\/\/pravnabrezskrbnost.si\/wp-content\/uploads\/2023\/11\/shutterstock_2075382679-768x372.jpg 768w, https:\/\/pravnabrezskrbnost.si\/wp-content\/uploads\/2023\/11\/shutterstock_2075382679.jpg 1320w\" sizes=\"auto, (max-width: 1024px) 100vw, 1024px\" \/><\/figure>\n<\/div>\n\n\n\n<div class=\"wp-block-column is-vertically-aligned-center is-layout-flow wp-block-column-is-layout-flow\">\n<p>Pomo\u010d pri pridobitvi zdravstvenih ter dodatnih zavarovanj in premo\u017eenjskih zavarovanj. Niste zdravstveno zavarovani, nimate dodatnega zdravstvenega zavarovanja in si \u017eelite to urediti, da se po\u010dutite varne in brezskrbne? Nimate osebne osebnega ali dru\u017einskega zdravnika ? Imate tudi premo\u017eenje za katerega ste garali zelo po\u0161teno in ga \u017eelite zavarovati?<\/p>\n\n\n\n<p>Vam svetujemo, pokli\u010demo v va\u0161em imenu, pridobimo ustrezno zavarovalni\u0161ko ponudbo in vam poi\u0161\u010demo osebnega ali dru\u017einskega zdravnika.<\/p>\n<\/div>\n<\/div>\n","protected":false},"excerpt":{"rendered":"<p>Pomo\u010d pri pridobitvi zdravstvenih ter dodatnih zavarovanj in premo\u017eenjskih zavarovanj. Niste zdravstveno zavarovani, nimate dodatnega zdravstvenega zavarovanja in si \u017eelite to urediti, da se po\u010dutite varne in brezskrbne? Nimate osebne osebnega ali dru\u017einskega zdravnika ? Imate tudi premo\u017eenje za katerega ste garali zelo po\u0161teno in ga \u017eelite zavarovati? Vam svetujemo, pokli\u010demo v va\u0161em imenu, pridobimo&hellip;&nbsp;<a href=\"https:\/\/pravnabrezskrbnost.si\/index.php\/pomoc-pri-pridobitvi-zdravstvenih-ter-dodatnih-zavarovanj-premozenjskih-zavarovanj\/\" class=\"\" rel=\"bookmark\">Preberi ve\u010d &raquo;<span class=\"screen-reader-text\">Pomo\u010d pri pridobitvi zdravstvenih ter dodatnih zavarovanj, premo\u017eenjskih zavarovanj<\/span><\/a><\/p>\n","protected":false},"author":1,"featured_media":0,"parent":0,"menu_order":0,"comment_status":"closed","ping_status":"closed","template":"","meta":{"om_disable_all_campaigns":false,"_monsterinsights_skip_tracking":false,"_monsterinsights_sitenote_active":false,"_monsterinsights_sitenote_note":"","_monsterinsights_sitenote_category":0,"neve_meta_sidebar":"","neve_meta_container":"","neve_meta_enable_content_width":"","neve_meta_content_width":0,"neve_meta_title_alignment":"","neve_meta_author_avatar":"","neve_post_elements_order":"","neve_meta_disable_header":"","neve_meta_disable_footer":"","neve_meta_disable_title":"","_themeisle_gutenberg_block_has_review":false,"_ti_tpc_template_sync":false,"_ti_tpc_template_id":"","footnotes":""},"class_list":["post-728","page","type-page","status-publish","hentry"],"aioseo_notices":[],"_links":{"self":[{"href":"https:\/\/pravnabrezskrbnost.si\/index.php\/wp-json\/wp\/v2\/pages\/728","targetHints":{"allow":["GET"]}}],"collection":[{"href":"https:\/\/pravnabrezskrbnost.si\/index.php\/wp-json\/wp\/v2\/pages"}],"about":[{"href":"https:\/\/pravnabrezskrbnost.si\/index.php\/wp-json\/wp\/v2\/types\/page"}],"author":[{"embeddable":true,"href":"https:\/\/pravnabrezskrbnost.si\/index.php\/wp-json\/wp\/v2\/users\/1"}],"replies":[{"embeddable":true,"href":"https:\/\/pravnabrezskrbnost.si\/index.php\/wp-json\/wp\/v2\/comments?post=728"}],"version-history":[{"count":1,"href":"https:\/\/pravnabrezskrbnost.si\/index.php\/wp-json\/wp\/v2\/pages\/728\/revisions"}],"predecessor-version":[{"id":730,"href":"https:\/\/pravnabrezskrbnost.si\/index.php\/wp-json\/wp\/v2\/pages\/728\/revisions\/730"}],"wp:attachment":[{"href":"https:\/\/pravnabrezskrbnost.si\/index.php\/wp-json\/wp\/v2\/media?parent=728"}],"curies":[{"name":"wp","href":"https:\/\/api.w.org\/{rel}","templated":true}]}}