{"id":721,"date":"2023-11-25T02:13:15","date_gmt":"2023-11-25T02:13:15","guid":{"rendered":"https:\/\/pravnabrezskrbnost.si\/?page_id=721"},"modified":"2023-11-25T02:13:15","modified_gmt":"2023-11-25T02:13:15","slug":"izpolnitev-in-oddaja-vloge-za-odmero-dohodnine","status":"publish","type":"page","link":"https:\/\/pravnabrezskrbnost.si\/index.php\/izpolnitev-in-oddaja-vloge-za-odmero-dohodnine\/","title":{"rendered":"Izpolnitev in oddaja vloge za odmero dohodnine"},"content":{"rendered":"\n<div class=\"wp-block-columns is-layout-flex wp-container-core-columns-is-layout-9d6595d7 wp-block-columns-is-layout-flex\">\n<div class=\"wp-block-column is-layout-flow wp-block-column-is-layout-flow\">\n<figure class=\"wp-block-image size-large\"><img loading=\"lazy\" decoding=\"async\" width=\"1024\" height=\"683\" src=\"https:\/\/pravnabrezskrbnost.si\/wp-content\/uploads\/2023\/11\/shutterstock_2366210523-1024x683.jpg\" alt=\"\" class=\"wp-image-723\" srcset=\"https:\/\/pravnabrezskrbnost.si\/wp-content\/uploads\/2023\/11\/shutterstock_2366210523-1024x683.jpg 1024w, https:\/\/pravnabrezskrbnost.si\/wp-content\/uploads\/2023\/11\/shutterstock_2366210523-300x200.jpg 300w, https:\/\/pravnabrezskrbnost.si\/wp-content\/uploads\/2023\/11\/shutterstock_2366210523-768x512.jpg 768w, https:\/\/pravnabrezskrbnost.si\/wp-content\/uploads\/2023\/11\/shutterstock_2366210523-1536x1024.jpg 1536w, https:\/\/pravnabrezskrbnost.si\/wp-content\/uploads\/2023\/11\/shutterstock_2366210523-2048x1365.jpg 2048w, https:\/\/pravnabrezskrbnost.si\/wp-content\/uploads\/2023\/11\/shutterstock_2366210523-930x620.jpg 930w\" sizes=\"auto, (max-width: 1024px) 100vw, 1024px\" \/><\/figure>\n<\/div>\n\n\n\n<div class=\"wp-block-column is-vertically-aligned-center is-layout-flow wp-block-column-is-layout-flow\">\n<p>Izpolnitev in oddaja vloge za odmero dohodnine.<\/p>\n\n\n\n<p>Ve\u010dno vpra\u0161anje odmera dohodnine,&nbsp; koliko dobim nazaj, koliko moram dopla\u010dati, kako v\u0161teti olaj\u0161ave in vzdr\u017eevanje dru\u017einskih \u010dlanov? Kdo naj odda vlogo? Oba star\u0161a ali samo eden? Kaj je najbolje za &nbsp;letno povra\u010dilo? Kam oddati izpolnjeno vlogo?<\/p>\n\n\n\n<p>Vse to vam mi izpolnimo, naredimo okvirni izra\u010dun, v\u0161tejemo olaj\u0161ave, ter oddamo vlogo.<\/p>\n<\/div>\n<\/div>\n","protected":false},"excerpt":{"rendered":"<p>Izpolnitev in oddaja vloge za odmero dohodnine. Ve\u010dno vpra\u0161anje odmera dohodnine,&nbsp; koliko dobim nazaj, koliko moram dopla\u010dati, kako v\u0161teti olaj\u0161ave in vzdr\u017eevanje dru\u017einskih \u010dlanov? Kdo naj odda vlogo? Oba star\u0161a ali samo eden? Kaj je najbolje za &nbsp;letno povra\u010dilo? Kam oddati izpolnjeno vlogo? Vse to vam mi izpolnimo, naredimo okvirni izra\u010dun, v\u0161tejemo olaj\u0161ave, ter oddamo&hellip;&nbsp;<a href=\"https:\/\/pravnabrezskrbnost.si\/index.php\/izpolnitev-in-oddaja-vloge-za-odmero-dohodnine\/\" class=\"\" rel=\"bookmark\">Preberi ve\u010d &raquo;<span class=\"screen-reader-text\">Izpolnitev in oddaja vloge za odmero dohodnine<\/span><\/a><\/p>\n","protected":false},"author":1,"featured_media":0,"parent":0,"menu_order":0,"comment_status":"closed","ping_status":"closed","template":"","meta":{"om_disable_all_campaigns":false,"_monsterinsights_skip_tracking":false,"_monsterinsights_sitenote_active":false,"_monsterinsights_sitenote_note":"","_monsterinsights_sitenote_category":0,"neve_meta_sidebar":"","neve_meta_container":"","neve_meta_enable_content_width":"","neve_meta_content_width":0,"neve_meta_title_alignment":"","neve_meta_author_avatar":"","neve_post_elements_order":"","neve_meta_disable_header":"","neve_meta_disable_footer":"","neve_meta_disable_title":"","_themeisle_gutenberg_block_has_review":false,"_ti_tpc_template_sync":false,"_ti_tpc_template_id":"","footnotes":""},"class_list":["post-721","page","type-page","status-publish","hentry"],"aioseo_notices":[],"_links":{"self":[{"href":"https:\/\/pravnabrezskrbnost.si\/index.php\/wp-json\/wp\/v2\/pages\/721","targetHints":{"allow":["GET"]}}],"collection":[{"href":"https:\/\/pravnabrezskrbnost.si\/index.php\/wp-json\/wp\/v2\/pages"}],"about":[{"href":"https:\/\/pravnabrezskrbnost.si\/index.php\/wp-json\/wp\/v2\/types\/page"}],"author":[{"embeddable":true,"href":"https:\/\/pravnabrezskrbnost.si\/index.php\/wp-json\/wp\/v2\/users\/1"}],"replies":[{"embeddable":true,"href":"https:\/\/pravnabrezskrbnost.si\/index.php\/wp-json\/wp\/v2\/comments?post=721"}],"version-history":[{"count":2,"href":"https:\/\/pravnabrezskrbnost.si\/index.php\/wp-json\/wp\/v2\/pages\/721\/revisions"}],"predecessor-version":[{"id":724,"href":"https:\/\/pravnabrezskrbnost.si\/index.php\/wp-json\/wp\/v2\/pages\/721\/revisions\/724"}],"wp:attachment":[{"href":"https:\/\/pravnabrezskrbnost.si\/index.php\/wp-json\/wp\/v2\/media?parent=721"}],"curies":[{"name":"wp","href":"https:\/\/api.w.org\/{rel}","templated":true}]}}