{"id":542,"date":"2023-11-23T17:22:04","date_gmt":"2023-11-23T17:22:04","guid":{"rendered":"https:\/\/pravnabrezskrbnost.si\/?page_id=542"},"modified":"2023-11-23T17:22:04","modified_gmt":"2023-11-23T17:22:04","slug":"sestava-in-oddaja-vloge-sporazumi-ali-tozbe-v-locitvenih-postopkih-med-partnerji","status":"publish","type":"page","link":"https:\/\/pravnabrezskrbnost.si\/index.php\/sestava-in-oddaja-vloge-sporazumi-ali-tozbe-v-locitvenih-postopkih-med-partnerji\/","title":{"rendered":"Sestava in oddaja vloge (sporazumi ali to\u017ebe) v lo\u010ditvenih postopkih med partnerji"},"content":{"rendered":"\n<div class=\"wp-block-columns is-layout-flex wp-container-core-columns-is-layout-9d6595d7 wp-block-columns-is-layout-flex\">\n<div class=\"wp-block-column is-layout-flow wp-block-column-is-layout-flow\">\n<figure class=\"wp-block-image size-large\"><img loading=\"lazy\" decoding=\"async\" width=\"1024\" height=\"683\" src=\"https:\/\/pravnabrezskrbnost.si\/wp-content\/uploads\/2023\/11\/shutterstock_617852909-1024x683.jpg\" alt=\"\" class=\"wp-image-543\" srcset=\"https:\/\/pravnabrezskrbnost.si\/wp-content\/uploads\/2023\/11\/shutterstock_617852909-1024x683.jpg 1024w, https:\/\/pravnabrezskrbnost.si\/wp-content\/uploads\/2023\/11\/shutterstock_617852909-300x200.jpg 300w, https:\/\/pravnabrezskrbnost.si\/wp-content\/uploads\/2023\/11\/shutterstock_617852909-768x512.jpg 768w, https:\/\/pravnabrezskrbnost.si\/wp-content\/uploads\/2023\/11\/shutterstock_617852909-1536x1024.jpg 1536w, https:\/\/pravnabrezskrbnost.si\/wp-content\/uploads\/2023\/11\/shutterstock_617852909-2048x1365.jpg 2048w, https:\/\/pravnabrezskrbnost.si\/wp-content\/uploads\/2023\/11\/shutterstock_617852909-930x620.jpg 930w\" sizes=\"auto, (max-width: 1024px) 100vw, 1024px\" \/><\/figure>\n<\/div>\n\n\n\n<div class=\"wp-block-column is-vertically-aligned-center is-layout-flow wp-block-column-is-layout-flow\">\n<p><strong>Ali je zakonska zveza nevzdr\u017ena za enega od zakoncev ali obema ?<\/strong><\/p>\n\n\n\n<p>Sestava dokumentacije (sporazumi ali to\u017ebe) v lo\u010ditvenih postopkih med partnerji.<\/p>\n\n\n\n<p>Na va\u0161o \u017eeljo vam sestavimo dopis in po\u0161ljemo vlogo na sodi\u0161\u010de ali CSD za sporazumno lo\u010ditev ali enostransko zahtevo za lo\u010ditev, \u010de partner ne sogla\u0161a z razvezo ali s povezanimi vpra\u0161anji. Dokumentacijo pripravimo in jo oddamo v va\u0161em imenu.<\/p>\n<\/div>\n<\/div>\n","protected":false},"excerpt":{"rendered":"<p>Ali je zakonska zveza nevzdr\u017ena za enega od zakoncev ali obema ? Sestava dokumentacije (sporazumi ali to\u017ebe) v lo\u010ditvenih postopkih med partnerji. Na va\u0161o \u017eeljo vam sestavimo dopis in po\u0161ljemo vlogo na sodi\u0161\u010de ali CSD za sporazumno lo\u010ditev ali enostransko zahtevo za lo\u010ditev, \u010de partner ne sogla\u0161a z razvezo ali s povezanimi vpra\u0161anji. Dokumentacijo pripravimo&hellip;&nbsp;<a href=\"https:\/\/pravnabrezskrbnost.si\/index.php\/sestava-in-oddaja-vloge-sporazumi-ali-tozbe-v-locitvenih-postopkih-med-partnerji\/\" class=\"\" rel=\"bookmark\">Preberi ve\u010d &raquo;<span class=\"screen-reader-text\">Sestava in oddaja vloge (sporazumi ali to\u017ebe) v lo\u010ditvenih postopkih med partnerji<\/span><\/a><\/p>\n","protected":false},"author":1,"featured_media":0,"parent":0,"menu_order":0,"comment_status":"closed","ping_status":"closed","template":"","meta":{"om_disable_all_campaigns":false,"_monsterinsights_skip_tracking":false,"_monsterinsights_sitenote_active":false,"_monsterinsights_sitenote_note":"","_monsterinsights_sitenote_category":0,"neve_meta_sidebar":"","neve_meta_container":"","neve_meta_enable_content_width":"","neve_meta_content_width":0,"neve_meta_title_alignment":"","neve_meta_author_avatar":"","neve_post_elements_order":"","neve_meta_disable_header":"","neve_meta_disable_footer":"","neve_meta_disable_title":"","_themeisle_gutenberg_block_has_review":false,"_ti_tpc_template_sync":false,"_ti_tpc_template_id":"","footnotes":""},"class_list":["post-542","page","type-page","status-publish","hentry"],"aioseo_notices":[],"_links":{"self":[{"href":"https:\/\/pravnabrezskrbnost.si\/index.php\/wp-json\/wp\/v2\/pages\/542","targetHints":{"allow":["GET"]}}],"collection":[{"href":"https:\/\/pravnabrezskrbnost.si\/index.php\/wp-json\/wp\/v2\/pages"}],"about":[{"href":"https:\/\/pravnabrezskrbnost.si\/index.php\/wp-json\/wp\/v2\/types\/page"}],"author":[{"embeddable":true,"href":"https:\/\/pravnabrezskrbnost.si\/index.php\/wp-json\/wp\/v2\/users\/1"}],"replies":[{"embeddable":true,"href":"https:\/\/pravnabrezskrbnost.si\/index.php\/wp-json\/wp\/v2\/comments?post=542"}],"version-history":[{"count":1,"href":"https:\/\/pravnabrezskrbnost.si\/index.php\/wp-json\/wp\/v2\/pages\/542\/revisions"}],"predecessor-version":[{"id":544,"href":"https:\/\/pravnabrezskrbnost.si\/index.php\/wp-json\/wp\/v2\/pages\/542\/revisions\/544"}],"wp:attachment":[{"href":"https:\/\/pravnabrezskrbnost.si\/index.php\/wp-json\/wp\/v2\/media?parent=542"}],"curies":[{"name":"wp","href":"https:\/\/api.w.org\/{rel}","templated":true}]}}